{"id":19707,"date":"2021-12-18T23:07:44","date_gmt":"2021-12-18T20:07:44","guid":{"rendered":"https:\/\/perapalace.com\/kullanim-ve-sartlar\/"},"modified":"2026-03-18T14:59:29","modified_gmt":"2026-03-18T11:59:29","slug":"terms-and-conditions-of-use","status":"publish","type":"page","link":"https:\/\/perapalace.com\/zh-hans\/terms-and-conditions-of-use\/","title":{"rendered":"\u4f7f\u7528\u6761\u6b3e"},"content":{"rendered":"<p>\u6839\u636e\u6cd5\u5f8b\u548c\u89c4\u5b9a\uff0c\u60a8\u5fc5\u987b\u5e74\u6ee118\u5c81\u624d\u80fd\u8fdb\u884c\u9884\u8ba2\u3002<\/p>\n<p>\u6839\u636e\u6cd5\u5f8b\u548c\u89c4\u5b9a\uff0c\u5165\u4f4f\u9152\u5e97\u65f6\u5fc5\u987b\u51fa\u793a\u6709\u6548\u7684\u8eab\u4efd\u8bc1\u4ef6\u5e76\u8fdb\u884c\u58f0\u660e\u3002<\/p>\n<p>\u9152\u5e97\u53d6\u6d88\u653f\u7b56<\/p>\n<p>\u6211\u4eec\u7684\u53d6\u6d88\u653f\u7b56\u662f\u5728\u5165\u4f4f\u65e5\u4e4b\u524d\u768424\u5c0f\u65f6\u5185\u3002\u5bf9\u4e8e\u66f4\u665a\u901a\u77e5\u7684\u53d6\u6d88\uff0c\u5c06\u5411\u60a8\u6536\u53d6\u4e00\u665a\u623f\u8d39\u3002\u5982\u679c\u7531\u4e8e\u4efb\u4f55\u539f\u56e0\u672a\u80fd\u5165\u4f4f\u9152\u5e97\uff0c\u6216\u8005\u5728\u4e0a\u8ff0\u53d6\u6d88\u65e5\u671f\u4e4b\u540e\u8fdb\u884c\u53d6\u6d88\u6216\u65e5\u671f\u66f4\u6539\uff0c\u5c06\u4ece\u63d0\u4f9b\u7684\u4fe1\u7528\u5361\u4e2d\u6536\u53d6\u4e00\u665a\u623f\u8d39\u3002\u5982\u679c\u5ba2\u4eba\u63d0\u524d\u9000\u623f\uff0c\u9152\u5e97\u4fdd\u7559\u6536\u53d6\u5269\u4f59\u591c\u665a\u623f\u8d39\u7684\u6743\u5229\u3002<\/p>\n<p>\u9664\u975e\u53e6\u6709\u8bf4\u660e\uff0c\u4fdd\u8bc1\u9884\u8ba2\u53ef\u4ee5\u5728\u5165\u4f4f\u65e5\u671f\u7684\u524d\u4e00\u5929\u4e4b\u524d\u514d\u8d39\u66f4\u6539\u6216\u53d6\u6d88\u3002\u5728\u6307\u5b9a\u7684\u65f6\u95f4\u4e4b\u540e\u63d0\u51fa\u7684\u66f4\u6539\u6216\u53d6\u6d88\u8bf7\u6c42\uff0c\u5c06\u6536\u53d6\u4e00\u665a\u623f\u8d39\u3002<\/p>\n<p>\u6240\u6709\u53ef\u4ee5\u653e\u7f6e\u989d\u5916\u5e8a\u4f4d\u7684\u623f\u95f4\u7684\u5b9a\u4ef7\u4e3a\u6bcf\u5e8a\u6bcf\u665a60\u6b27\u5143 + 8%\u589e\u503c\u7a0e\u3002<\/p>\n<p>\u513f\u7ae5\u653f\u7b56<\/p>\n<p>0\u20136\u5c81\u7684\u513f\u7ae5\u53ef\u4e0e\u7236\u6bcd\u540c\u4f4f\u4e00\u95f4\u623f\uff0c\u6700\u591a\u53ef\u52a0\u4e00\u5f20\u5e8a\uff0c\u514d\u8d39\u5165\u4f4f\u30026\u201312\u5c81\u7684\u513f\u7ae5\u53ef\u4eab\u53d7\u989d\u5916\u5e8a\u4f4d\u8d39\u752850%\u7684\u6298\u6263\uff0c\u5b9a\u4ef7\u4e3a\u6bcf\u665a30\u6b27\u5143 + 8%\u589e\u503c\u7a0e\u3002<\/p>\n<p>\u6211\u4eec\u9152\u5e97\u7684\u6807\u51c6\u5165\u4f4f\u65f6\u95f4\u4e3a15:00\uff0c\u9000\u623f\u65f6\u95f4\u4e3a12:00\u3002<\/p>\n<p>\u5bf9\u4e8e\u5e0c\u671b\u63d0\u524d\u5165\u4f4f\u7684\u5ba2\u4eba\uff0c\u6211\u4eec\u4f1a\u5728\u623f\u95f4\u53ef\u7528\u7684\u60c5\u51b5\u4e0b\u63d0\u4f9b\u534f\u52a9\u3002\u5efa\u8bae\u63d0\u524d\u4e00\u5929\u9884\u8ba2\u4ee5\u786e\u4fdd\u786e\u5b9a\u7684\u63d0\u524d\u5165\u4f4f\u8bf7\u6c42\u3002\u5ef6\u8fdf\u9000\u623f\u8bf7\u6c42\u5c06\u6839\u636e\u9152\u5e97\u7684\u51b3\u5b9a\u548c\u989d\u5916\u8d39\u7528\u800c\u5b9a\u3002<\/p>\n<p>\u60a8\u53ef\u4ee5\u5728\u6b64\u5904\u8bbf\u95ee\u9152\u5e97\u7684\u201c\u4e2a\u4eba\u6570\u636e\u4fdd\u62a4\u201d\u7a0b\u5e8f\u3002<\/p>\n<p>&nbsp;<\/p>\n<p><strong>\u5916\u5e26\u98df\u54c1\u7684\u52a0\u70ed\u653f\u7b56<\/strong><\/p>\n<p>\u4e3a\u786e\u4fdd\u5bbe\u5ba2\u7684\u5065\u5eb7\u4e0e\u5b89\u5168\uff0c\u672c\u9152\u5e97\u4e0d\u63d0\u4f9b\u5bf9\u5916\u5e26\u98df\u54c1\u7684\u52a0\u70ed\u670d\u52a1\u3002\u7531\u4e8e\u518d\u6b21\u52a0\u70ed\u98df\u54c1\u53ef\u80fd\u5bfc\u81f4 \u7ec6\u83cc\u98ce\u9669\u589e\u52a0\uff0c\u57fa\u4e8e\u98df\u54c1\u5b89\u5168\u8003\u91cf\uff0c\u6211\u4eec\u65e0\u6cd5\u6ee1\u8db3\u6b64\u7c7b\u8981\u6c42\u3002<\/p>\n<p>\u5a74\u513f\u98df\u54c1\u4e0d\u5728\u6b64\u9650\u5236\u8303\u56f4\u5185\u3002\u5a74\u513f\u98df\u54c1\u7684\u52a0\u70ed\u987b\u5728\u5bbe\u5ba2\u7b7e\u7f72\u540c\u610f\u4e66\u540e\u65b9\u53ef\u8fdb\u884c\u3002\u5bf9\u4e8e\u5916\u7c4d\u5bbe\u5ba2 \uff0c\u6211\u4eec\u4f1a\u63d0\u4f9b\u76f8\u5e94\u8bed\u8a00\u7248\u672c\u7684\u540c\u610f\u4e66\uff0c\u4ee5\u786e\u4fdd\u5176\u5145\u5206\u7406\u89e3\u5185\u5bb9\u3002<\/p>\n<p>\u4fdd\u969c\u5bbe\u5ba2\u7684\u5065\u5eb7\u4e0e\u5b89\u5168\u59cb\u7ec8\u662fPera Palace Hotel\u7684\u9996\u8981\u4f7f\u547d\u3002<\/p>\n<p>&nbsp;<\/p>\n<p><b>\u4e2d\u6587<\/b><b> (<\/b><b>\u7b80\u4f53\u4e2d\u6587<\/b><b>) \u2013 Pet-Friendly <\/b><b>\u4f4f\u5bbf\u6307\u5357<\/b><\/p>\n<p><b>\u5ba0\u7269\u53cb\u597d\u4f4f\u5bbf<\/b><span style=\"font-weight: 400;\"><br \/>\n<\/span><span style=\"font-weight: 400;\">\u4f69\u62c9<\/span><span style=\"font-weight: 400;\">\u5bab\u9152\u5e97\u81f4\u529b\u4e8e\u5728\u5386\u53f2\u6c1b\u56f4\u4e2d\uff0c\u4e3a\u60a8\u548c\u60a8\u7684\u5ba0\u7269\u670b\u53cb\u63d0\u4f9b\u8212\u9002\u800c\u5468\u5230\u7684\u5165\u4f4f\u4f53\u9a8c\u3002<\/span><\/p>\n<p><b>\u5ba0\u7269\u5165\u4f4f\u6307\u5357<\/b><span style=\"font-weight: 400;\"><br \/>\n<\/span><span style=\"font-weight: 400;\">\u4e3a\u786e\u4fdd\u6240\u6709\u5bbe\u5ba2\u7684\u8212\u9002\u5ea6\u53ca\u5ba0\u7269\u7684\u5b89\u5168\uff0c\u6211\u4eec\u8bf7\u60a8\u6ce8\u610f\u4ee5\u4e0b\u4e8b\u9879\uff1a<\/span><\/p>\n<p><span style=\"font-weight: 400;\">\u2022 \u6b22\u8fce\u6027\u683c\u826f\u597d\u4e14\u8bad\u7ec3\u6709\u7d20\u7684\u72ac\u3001\u732b\u53ca\u5176\u4ed6\u5ba0\u7269\u3002\u9152\u5e97\u4fdd\u7559\u62d2\u7edd\u6216\u8981\u6c42\u79fb\u9664\u5177\u6709\u653b\u51fb\u6027\u884c\u4e3a\u3001\u8fc7\u5ea6\u5420\u53eb\u6216\u5b58\u5728\u5065\u5eb7\u98ce\u9669\u7684\u5ba0\u7269\u7684\u6743\u5229\u3002<\/span><br \/>\n<span style=\"font-weight: 400;\">\u2022 \u5165\u4f4f<\/span><span style=\"font-weight: 400;\">\u65f6\u9700\u51fa\u793a\u5ba0\u7269\u7684\u6700\u65b0\u75ab\u82d7\u63a5\u79cd\u8bb0\u5f55\uff08\u7279\u522b\u662f\u72c2\u72ac\u75c5\u75ab\u82d7\uff09\u3002<\/span><br \/>\n<span style=\"font-weight: 400;\">\u2022 \u5165\u4f4f<\/span><span style=\"font-weight: 400;\">\u65f6\u53ef\u80fd\u4f1a\u6536\u53d6\u62bc\u91d1\uff0c\u4ee5\u8986\u76d6\u6f5c\u5728\u635f\u574f\u8d39\u7528\u3002<\/span><br \/>\n<span style=\"font-weight: 400;\">\u2022 \u6bcf<\/span><span style=\"font-weight: 400;\">\u95f4\u5ba2\u623f\u6700\u591a\u53ef\u63a5\u5f85<\/span><span style=\"font-weight: 400;\"> 35 <\/span><span style=\"font-weight: 400;\">\u516c\u65a4\u4ee5\u5185\u7684<\/span><span style=\"font-weight: 400;\">\u5ba0\u7269\u3002<\/span><br \/>\n<span style=\"font-weight: 400;\">\u2022 \u5ba0\u7269\u5728\u6307\u5b9a\u533a\u57df\u5185\u5fc5\u987b\u4f69\u6234\u7275\u5f15\u7ef3\u3001\u53e3\u7f69\u6216\u653e\u7f6e\u5728\u643a\u5e26\u7bb1<\/span><span style=\"font-weight: 400;\">\/<\/span><span style=\"font-weight: 400;\">\u7b3c\u4e2d\u3002<\/span><br \/>\n<span style=\"font-weight: 400;\">\u2022 \u51fa\u4e8e<\/span><span style=\"font-weight: 400;\">\u536b\u751f\u8003\u8651\uff0c\u5ba0\u7269\u4e0d\u5f97\u8fdb\u5165\u9910\u5385\u3001\u65e9\u9910\u533a\u3001<\/span><span style=\"font-weight: 400;\">SPA <\/span><span style=\"font-weight: 400;\">\u53ca<\/span><span style=\"font-weight: 400;\">\u7c7b\u4f3c\u533a\u57df\uff08<\/span><span style=\"font-weight: 400;\">\u5bfc\u76f2\u72ac\u9664\u5916\uff09\u3002<\/span><br \/>\n<span style=\"font-weight: 400;\">\u2022 \u5bbe\u5ba2\u9700\u5bf9\u5ba0\u7269\u7684\u65e5\u5e38\u7167\u6599\u53ca\u6e05\u6d01\u8d1f\u8d23\uff0c\u5305\u62ec\u623f\u5185\u4ea7\u751f\u7684\u4efb\u4f55\u5e9f\u7269\u59a5\u5584\u5904\u7406\u3002<\/span><br \/>\n<span style=\"font-weight: 400;\">\u2022 \u5165\u4f4f<\/span><span style=\"font-weight: 400;\">\u65f6\u63d0\u4f9b\u7684<\/span><span style=\"font-weight: 400;\">\u201c<\/span><span style=\"font-weight: 400;\">\u623f\u5185\u6709<\/span><span style=\"font-weight: 400;\">\u5ba0\u7269<\/span><span style=\"font-weight: 400;\">\u201d<\/span><span style=\"font-weight: 400;\">\u6807\u8bc6\u5fc5\u987b\u59cb\u7ec8\u60ac\u6302\u5728\u95e8\u5916\u3002<\/span><br \/>\n<span style=\"font-weight: 400;\">\u2022\u00a0\u9152\u5e97\u5c06\u63d0\u4f9b\u98df\u76c6\u3001\u6c34\u7897\u53ca<\/span><span style=\"font-weight: 400;\">\u5e9f\u7269\u888b\u3002\u989d\u5916\u5ba0\u7269\u670d\u52a1\u53ef\u80fd\u4f1a\u6536\u53d6\u989d\u5916\u8d39\u7528\u3002<\/span><br \/>\n<span style=\"font-weight: 400;\">\u2022 \u5982\u9152\u5e97<\/span><span style=\"font-weight: 400;\">\u5458\u5de5\u9700\u8981\u8fdb\u5165\u5ba2\u623f\u63d0\u4f9b\u670d\u52a1\uff0c\u5ba0\u7269\u5fc5\u987b\u4e8b\u5148\u5b89\u5168\u56fa\u5b9a\u3002<\/span><br \/>\n<span style=\"font-weight: 400;\">\u2022 \u5ba0\u7269\u53ef\u5728\u623f\u5185\u5355\u72ec\u7559\u7f6e\uff1b\u4f46\u5bbe\u5ba2\u79bb\u5f00\u9152\u5e97\u65f6\uff0c\u5ba0\u7269\u5fc5\u987b\u653e\u7f6e\u5728\u5b89\u5168\u7684\u7b3c\u5b50\u6216\u643a\u5e26\u7bb1\u4e2d\u3002<\/span><br \/>\n<span style=\"font-weight: 400;\">\u2022 \u5bfc\u76f2\u72ac\u53ca\u670d\u52a1\u6027\u52a8\u7269\u4e0d\u53d7\u4ee5\u4e0a\u89c4\u5b9a\u7ea6\u675f\uff0c\u5c06\u4f9d\u636e\u7279\u6b8a\u5b89\u6392\u5904\u7406\u3002<\/span><\/p>\n<p><b>\u9884\u8ba2\u53ca\u54a8\u8be2<\/b><span style=\"font-weight: 400;\">\uff1a<\/span><span style=\"font-weight: 400;\"><br \/>\n<\/span><strong>\u90ae\u7bb1<\/strong>:<span style=\"font-weight: 400;\">\u00a0<a href=\"mailto:reservations@perapalace.com\"><strong>reservations@perapalace.com<\/strong><\/a><\/span><span style=\"font-weight: 400;\"><br \/>\n<\/span><strong>\u7535\u8bdd<\/strong><span style=\"font-weight: 400;\"><strong>:<\/strong> <strong><a href=\"tel:+902123774000\">+90 212 3774000<\/a><\/strong><\/span><\/p>\n","protected":false},"excerpt":{"rendered":"<p>\u6839\u636e\u6cd5\u5f8b\u548c\u89c4\u5b9a\uff0c\u60a8\u5fc5\u987b\u5e74\u6ee118\u5c81\u624d\u80fd\u8fdb\u884c\u9884\u8ba2\u3002 \u6839&#8230;<\/p>\n","protected":false},"author":1,"featured_media":0,"parent":0,"menu_order":0,"comment_status":"closed","ping_status":"closed","template":"page-duz.php","meta":{"inline_featured_image":false,"footnotes":""},"class_list":["post-19707","page","type-page","status-publish","hentry"],"yoast_head":"<!-- This site is optimized with the Yoast SEO plugin v27.3 - https:\/\/yoast.com\/product\/yoast-seo-wordpress\/ -->\n<title>Kullan\u0131m ve \u015eartlar - Pera Palace Hotel<\/title>\n<meta name=\"description\" content=\"Otel iptal prosed\u00fcr\u00fc; iptal prosed\u00fcr\u00fcm\u00fcz giri\u015f g\u00fcn\u00fcnden \u00f6nce 24 saattir.\" \/>\n<meta name=\"robots\" content=\"index, follow, max-snippet:-1, max-image-preview:large, max-video-preview:-1\" \/>\n<link rel=\"canonical\" href=\"https:\/\/perapalace.com\/zh-hans\/terms-and-conditions-of-use\/\" \/>\n<meta property=\"og:locale\" content=\"zh_CN\" \/>\n<meta property=\"og:type\" content=\"article\" \/>\n<meta property=\"og:title\" content=\"Kullan\u0131m ve \u015eartlar - Pera Palace Hotel\" \/>\n<meta property=\"og:description\" content=\"Otel iptal prosed\u00fcr\u00fc; iptal prosed\u00fcr\u00fcm\u00fcz giri\u015f g\u00fcn\u00fcnden \u00f6nce 24 saattir.\" \/>\n<meta property=\"og:url\" content=\"https:\/\/perapalace.com\/zh-hans\/terms-and-conditions-of-use\/\" \/>\n<meta property=\"og:site_name\" content=\"Pera Palace\u9152\u5e97\" \/>\n<meta property=\"article:publisher\" content=\"https:\/\/www.facebook.com\/perapalacehotel\" \/>\n<meta property=\"article:modified_time\" content=\"2026-03-18T11:59:29+00:00\" \/>\n<meta name=\"twitter:card\" content=\"summary_large_image\" \/>\n<script type=\"application\/ld+json\" class=\"yoast-schema-graph\">{\"@context\":\"https:\\\/\\\/schema.org\",\"@graph\":[{\"@type\":\"WebPage\",\"@id\":\"https:\\\/\\\/perapalace.com\\\/zh-hans\\\/terms-and-conditions-of-use\\\/\",\"url\":\"https:\\\/\\\/perapalace.com\\\/zh-hans\\\/terms-and-conditions-of-use\\\/\",\"name\":\"Kullan\u0131m ve \u015eartlar - Pera Palace Hotel\",\"isPartOf\":{\"@id\":\"https:\\\/\\\/perapalace.com\\\/#website\"},\"datePublished\":\"2021-12-18T20:07:44+00:00\",\"dateModified\":\"2026-03-18T11:59:29+00:00\",\"description\":\"Otel iptal prosed\u00fcr\u00fc; iptal prosed\u00fcr\u00fcm\u00fcz giri\u015f g\u00fcn\u00fcnden \u00f6nce 24 saattir.\",\"breadcrumb\":{\"@id\":\"https:\\\/\\\/perapalace.com\\\/zh-hans\\\/terms-and-conditions-of-use\\\/#breadcrumb\"},\"inLanguage\":\"zh-CN\",\"potentialAction\":[{\"@type\":\"ReadAction\",\"target\":[\"https:\\\/\\\/perapalace.com\\\/zh-hans\\\/terms-and-conditions-of-use\\\/\"]}]},{\"@type\":\"BreadcrumbList\",\"@id\":\"https:\\\/\\\/perapalace.com\\\/zh-hans\\\/terms-and-conditions-of-use\\\/#breadcrumb\",\"itemListElement\":[{\"@type\":\"ListItem\",\"position\":1,\"name\":\"Anasayfa\",\"item\":\"https:\\\/\\\/perapalace.com\\\/zh-hans\\\/\"},{\"@type\":\"ListItem\",\"position\":2,\"name\":\"\u4f7f\u7528\u6761\u6b3e\"}]},{\"@type\":\"WebSite\",\"@id\":\"https:\\\/\\\/perapalace.com\\\/#website\",\"url\":\"https:\\\/\\\/perapalace.com\\\/\",\"name\":\"Pera Palace Hotel\",\"description\":\"\u0130konik ve Tarihi Otel - \u0130stanbul&#039;un Kalbi Pera&#039;da\",\"publisher\":{\"@id\":\"https:\\\/\\\/perapalace.com\\\/#organization\"},\"potentialAction\":[{\"@type\":\"SearchAction\",\"target\":{\"@type\":\"EntryPoint\",\"urlTemplate\":\"https:\\\/\\\/perapalace.com\\\/?s={search_term_string}\"},\"query-input\":{\"@type\":\"PropertyValueSpecification\",\"valueRequired\":true,\"valueName\":\"search_term_string\"}}],\"inLanguage\":\"zh-CN\"},{\"@type\":\"Organization\",\"@id\":\"https:\\\/\\\/perapalace.com\\\/#organization\",\"name\":\"Pera Palace Hotel\",\"url\":\"https:\\\/\\\/perapalace.com\\\/\",\"logo\":{\"@type\":\"ImageObject\",\"inLanguage\":\"zh-CN\",\"@id\":\"https:\\\/\\\/perapalace.com\\\/#\\\/schema\\\/logo\\\/image\\\/\",\"url\":\"https:\\\/\\\/perapalace.com\\\/wp-content\\\/uploads\\\/2021\\\/12\\\/main-logo.svg\",\"contentUrl\":\"https:\\\/\\\/perapalace.com\\\/wp-content\\\/uploads\\\/2021\\\/12\\\/main-logo.svg\",\"width\":120,\"height\":97,\"caption\":\"Pera Palace Hotel\"},\"image\":{\"@id\":\"https:\\\/\\\/perapalace.com\\\/#\\\/schema\\\/logo\\\/image\\\/\"},\"sameAs\":[\"https:\\\/\\\/www.facebook.com\\\/perapalacehotel\"]}]}<\/script>\n<!-- \/ Yoast SEO plugin. -->","yoast_head_json":{"title":"Kullan\u0131m ve \u015eartlar - Pera Palace Hotel","description":"Otel iptal prosed\u00fcr\u00fc; iptal prosed\u00fcr\u00fcm\u00fcz giri\u015f g\u00fcn\u00fcnden \u00f6nce 24 saattir.","robots":{"index":"index","follow":"follow","max-snippet":"max-snippet:-1","max-image-preview":"max-image-preview:large","max-video-preview":"max-video-preview:-1"},"canonical":"https:\/\/perapalace.com\/zh-hans\/terms-and-conditions-of-use\/","og_locale":"zh_CN","og_type":"article","og_title":"Kullan\u0131m ve \u015eartlar - Pera Palace Hotel","og_description":"Otel iptal prosed\u00fcr\u00fc; iptal prosed\u00fcr\u00fcm\u00fcz giri\u015f g\u00fcn\u00fcnden \u00f6nce 24 saattir.","og_url":"https:\/\/perapalace.com\/zh-hans\/terms-and-conditions-of-use\/","og_site_name":"Pera Palace\u9152\u5e97","article_publisher":"https:\/\/www.facebook.com\/perapalacehotel","article_modified_time":"2026-03-18T11:59:29+00:00","twitter_card":"summary_large_image","schema":{"@context":"https:\/\/schema.org","@graph":[{"@type":"WebPage","@id":"https:\/\/perapalace.com\/zh-hans\/terms-and-conditions-of-use\/","url":"https:\/\/perapalace.com\/zh-hans\/terms-and-conditions-of-use\/","name":"Kullan\u0131m ve \u015eartlar - Pera Palace Hotel","isPartOf":{"@id":"https:\/\/perapalace.com\/#website"},"datePublished":"2021-12-18T20:07:44+00:00","dateModified":"2026-03-18T11:59:29+00:00","description":"Otel iptal prosed\u00fcr\u00fc; iptal prosed\u00fcr\u00fcm\u00fcz giri\u015f g\u00fcn\u00fcnden \u00f6nce 24 saattir.","breadcrumb":{"@id":"https:\/\/perapalace.com\/zh-hans\/terms-and-conditions-of-use\/#breadcrumb"},"inLanguage":"zh-CN","potentialAction":[{"@type":"ReadAction","target":["https:\/\/perapalace.com\/zh-hans\/terms-and-conditions-of-use\/"]}]},{"@type":"BreadcrumbList","@id":"https:\/\/perapalace.com\/zh-hans\/terms-and-conditions-of-use\/#breadcrumb","itemListElement":[{"@type":"ListItem","position":1,"name":"Anasayfa","item":"https:\/\/perapalace.com\/zh-hans\/"},{"@type":"ListItem","position":2,"name":"\u4f7f\u7528\u6761\u6b3e"}]},{"@type":"WebSite","@id":"https:\/\/perapalace.com\/#website","url":"https:\/\/perapalace.com\/","name":"Pera Palace Hotel","description":"\u0130konik ve Tarihi Otel - \u0130stanbul&#039;un Kalbi Pera&#039;da","publisher":{"@id":"https:\/\/perapalace.com\/#organization"},"potentialAction":[{"@type":"SearchAction","target":{"@type":"EntryPoint","urlTemplate":"https:\/\/perapalace.com\/?s={search_term_string}"},"query-input":{"@type":"PropertyValueSpecification","valueRequired":true,"valueName":"search_term_string"}}],"inLanguage":"zh-CN"},{"@type":"Organization","@id":"https:\/\/perapalace.com\/#organization","name":"Pera Palace Hotel","url":"https:\/\/perapalace.com\/","logo":{"@type":"ImageObject","inLanguage":"zh-CN","@id":"https:\/\/perapalace.com\/#\/schema\/logo\/image\/","url":"https:\/\/perapalace.com\/wp-content\/uploads\/2021\/12\/main-logo.svg","contentUrl":"https:\/\/perapalace.com\/wp-content\/uploads\/2021\/12\/main-logo.svg","width":120,"height":97,"caption":"Pera Palace Hotel"},"image":{"@id":"https:\/\/perapalace.com\/#\/schema\/logo\/image\/"},"sameAs":["https:\/\/www.facebook.com\/perapalacehotel"]}]}},"_links":{"self":[{"href":"https:\/\/perapalace.com\/zh-hans\/wp-json\/wp\/v2\/pages\/19707","targetHints":{"allow":["GET"]}}],"collection":[{"href":"https:\/\/perapalace.com\/zh-hans\/wp-json\/wp\/v2\/pages"}],"about":[{"href":"https:\/\/perapalace.com\/zh-hans\/wp-json\/wp\/v2\/types\/page"}],"author":[{"embeddable":true,"href":"https:\/\/perapalace.com\/zh-hans\/wp-json\/wp\/v2\/users\/1"}],"replies":[{"embeddable":true,"href":"https:\/\/perapalace.com\/zh-hans\/wp-json\/wp\/v2\/comments?post=19707"}],"version-history":[{"count":0,"href":"https:\/\/perapalace.com\/zh-hans\/wp-json\/wp\/v2\/pages\/19707\/revisions"}],"wp:attachment":[{"href":"https:\/\/perapalace.com\/zh-hans\/wp-json\/wp\/v2\/media?parent=19707"}],"curies":[{"name":"wp","href":"https:\/\/api.w.org\/{rel}","templated":true}]}}