{"id":19688,"date":"2021-12-18T23:13:21","date_gmt":"2021-12-18T20:13:21","guid":{"rendered":"https:\/\/perapalace.com\/aydinlatma-metni\/"},"modified":"2024-12-16T16:14:33","modified_gmt":"2024-12-16T13:14:33","slug":"clarification-text","status":"publish","type":"page","link":"https:\/\/perapalace.com\/zh-hans\/clarification-text\/","title":{"rendered":"\u8bf4\u660e\u6587\u672c"},"content":{"rendered":"<h2 style=\"text-align: center;\"><strong>MA\u00c7KA KONAKLAMA A.\u015e.\uff08\u4f69\u62c9\u7687\u5bab\u9152\u5e97\uff09<\/strong><br \/>\n<strong>\u5ba2\u6237\u4e2a\u4eba\u6570\u636e\u5904\u7406\u8bf4\u660e\u4e66<\/strong><\/h2>\n<p>\u4f5c\u4e3aMa\u00e7ka Konaklama A.\u015e\uff08\u4f69\u62c9\u7687\u5bab\u9152\u5e97\uff09\uff08\u201c\u516c\u53f8\u201d\uff09\uff0c\u6211\u4eec\u5bf9\u60a8\u4e2a\u4eba\u6570\u636e\u7684\u5b89\u5168\u6027\u9ad8\u5ea6\u91cd\u89c6\u3002\u5728\u8fd9\u4e00\u610f\u8bc6\u7684\u6307\u5bfc\u4e0b\uff0c\u6211\u4eec\u975e\u5e38\u91cd\u89c6\u6839\u636e6698\u53f7\u4e2a\u4eba\u6570\u636e\u4fdd\u62a4\u6cd5\uff08\u201cKVK\u6cd5\u201d\uff09\u5904\u7406\u548c\u4fdd\u5b58\u6240\u6709\u4e0e\u516c\u53f8\u76f8\u5173\u7684\u4e2a\u4eba\u6570\u636e\uff0c\u5305\u62ec\u4f7f\u7528\u6211\u4eec\u4ea7\u54c1\u548c\u670d\u52a1\u7684\u4eba\u5458\u7684\u4efb\u4f55\u7c7b\u578b\u7684\u4e2a\u4eba\u6570\u636e\u3002\u4f5c\u4e3a\u6211\u4eec\u8fd9\u4e00\u8d23\u4efb\u7684\u5145\u5206\u610f\u8bc6\uff0c\u4f5c\u4e3aKVK\u6cd5\u4e2d\u5b9a\u4e49\u7684\u201c\u6570\u636e\u63a7\u5236\u8005\u201d\uff0c\u6211\u4eec\u5c06\u5728\u4ee5\u4e0b\u6240\u8ff0\u7684\u65b9\u5f0f\u548c\u6cd5\u5f8b\u89c4\u5b9a\u7684\u754c\u9650\u5185\u5904\u7406\u60a8\u7684\u4e2a\u4eba\u6570\u636e\u3002<\/p>\n<p>&nbsp;<\/p>\n<h2><strong>\u6570\u636e\u63a7\u5236\u8005\u53ca\u5176\u4ee3\u8868<\/strong><\/h2>\n<p>\u6839\u636e6698\u53f7\u4e2a\u4eba\u6570\u636e\u4fdd\u62a4\u6cd5\uff08\u201c6698\u53f7\u6cd5\u201d\uff09\uff0c\u60a8\u7684\u4e2a\u4eba\u6570\u636e\u5c06\u7531\u4f4d\u4e8e\u4f0a\u65af\u5766\u5e03\u5c14\u8d1d\u4f0a\u5965\u5362\uff0cMe\u015frutiyet\u885752\u53f7\u7684Ma\u00e7ka Konaklama ve Otel Hizmetleri A.\u015e\uff08\u4f69\u62c9\u7687\u5bab\u9152\u5e97\uff09\u4f5c\u4e3a\u6570\u636e\u63a7\u5236\u8005\u5904\u7406\uff0c\u5904\u7406\u8303\u56f4\u5982\u4e0b\u6240\u8ff0\u3002<\/p>\n<p>&nbsp;<\/p>\n<h2><strong>\u4e2a\u4eba\u6570\u636e\u5904\u7406\u7684\u76ee\u7684<\/strong><\/h2>\n<p>\u6211\u4eec\u6536\u96c6\u7684\u4e2a\u4eba\u6570\u636e\u5c06\u7531\u516c\u53f8\u7528\u4e8e\u63d0\u4f9b\u60a8\u6240\u9700\u7684\u4ea7\u54c1\u548c\u670d\u52a1\u7684\u76f8\u5173\u5de5\u4f5c\uff1b\u6839\u636e\u60a8\u7684\u559c\u597d\u3001\u4f7f\u7528\u4e60\u60ef\u548c\u9700\u6c42\u5b9a\u5236\u6211\u4eec\u63d0\u4f9b\u7684\u4ea7\u54c1\u548c\u670d\u52a1\u5e76\u5411\u60a8\u63a8\u8350\uff1b\u5b9e\u65bd\u6211\u4eec\u7684\u4eba\u529b\u8d44\u6e90\u653f\u7b56\uff1b\u4fdd\u969c\u6211\u4eec\u53ca\u4e0e\u6211\u4eec\u6709\u5546\u4e1a\u5173\u7cfb\u7684\u4eba\u5458\u7684\u6cd5\u5f8b\u548c\u5546\u4e1a\u5b89\u5168\uff1b\u786e\u5b9a\u548c\u5b9e\u65bd\u6211\u4eec\u7684\u5546\u4e1a\u548c\u4e1a\u52a1\u6218\u7565\u3002\u56e0\u6b64\uff0c\u60a8\u7684\u4e2a\u4eba\u6570\u636e\u5c06\u6839\u636e6698\u53f7\u6cd5\u7b2c5\u548c\u7b2c6\u6761\u6240\u8ff0\u7684\u4e2a\u4eba\u6570\u636e\u5904\u7406\u6761\u4ef6\u548c\u76ee\u7684\u8fdb\u884c\u5904\u7406\u3002<\/p>\n<p>\u6709\u5173\u60a8\u4e2a\u4eba\u6570\u636e\u5904\u7406\u76ee\u7684\u7684\u8be6\u7ec6\u4fe1\u606f\uff0c\u8bf7\u8bbf\u95ee\u6211\u4eec\u5728https:\/\/perapalace.com\/kvkk-politikasi\/\u4e0a\u5171\u4eab\u7684\u4e2a\u4eba\u6570\u636e\u4fdd\u62a4\u548c\u5904\u7406\u653f\u7b56\u3002<\/p>\n<p>&nbsp;<\/p>\n<h2><strong>\u7279\u6b8a\u6027\u8d28\u4e2a\u4eba\u6570\u636e\u7684\u5904\u7406<\/strong><\/h2>\n<p>\u6839\u636eKVK\u6cd5\uff0c\u4e2a\u4eba\u7684\u79cd\u65cf\u3001\u6c11\u65cf\u3001\u653f\u6cbb\u89c2\u70b9\u3001\u54f2\u5b66\u4fe1\u4ef0\u3001\u5b97\u6559\u3001\u6559\u6d3e\u6216\u5176\u4ed6\u4fe1\u4ef0\u3001\u7740\u88c5\u3001\u4e0e\u534f\u4f1a\u3001\u57fa\u91d1\u4f1a\u6216\u5de5\u4f1a\u7684\u6210\u5458\u8d44\u683c\u3001\u5065\u5eb7\u3001\u6027\u751f\u6d3b\u3001\u5211\u4e8b\u5b9a\u7f6a\u548c\u5b89\u5168\u63aa\u65bd\u76f8\u5173\u7684\u6570\u636e\u4ee5\u53ca\u751f\u7269\u8bc6\u522b\u548c\u9057\u4f20\u6570\u636e\u4e3a\u7279\u6b8a\u6027\u8d28\u4e2a\u4eba\u6570\u636e\u3002\u4e3a\u4e86\u63d0\u4f9b\u66f4\u597d\u7684\u670d\u52a1\uff0c\u6211\u4eec\u7684\u516c\u53f8\u5c06\u5728\u83b7\u5f97\u76f8\u5173\u4e2a\u4eba\u540c\u610f\u7684\u60c5\u51b5\u4e0b\uff0c\u4e14\u4ec5\u4e3a\u670d\u52a1\u4e8e\u6536\u96c6\u76ee\u7684\u800c\u5904\u7406\u7279\u6b8a\u6027\u8d28\u7684\u4e2a\u4eba\u6570\u636e\u3002<\/p>\n<p>&nbsp;<\/p>\n<h2><strong>\u5904\u7406\u7684\u4e2a\u4eba\u6570\u636e\u53ef\u8f6c\u79fb\u7684\u5bf9\u8c61\u53ca\u76ee\u7684<\/strong><\/h2>\n<p>\u60a8\u6536\u96c6\u7684\u4e2a\u4eba\u6570\u636e\u5c06\u6839\u636e6698\u53f7\u6cd5\u7b2c8\u548c\u7b2c9\u6761\u6240\u8ff0\u7684\u4e2a\u4eba\u6570\u636e\u5904\u7406\u6761\u4ef6\u548c\u76ee\u7684\uff0c\u4e0e\u6211\u4eec\u7684\u5408\u4f5c\u4f19\u4f34\u3001\u4f9b\u5e94\u5546\u3001\u80a1\u4e1c\u3001\u5b50\u516c\u53f8\u3001\u6cd5\u5b9a\u516c\u7acb\u673a\u6784\u548c\u79c1\u8425\u5355\u4f4d\u7b49\u5171\u4eab\uff0c\u5904\u7406\u76ee\u7684\u4e3a\uff1a\u4e3a\u4f7f\u60a8\u80fd\u4eab\u53d7\u6211\u4eec\u516c\u53f8\u63d0\u4f9b\u7684\u4ea7\u54c1\u548c\u670d\u52a1\u800c\u8fdb\u884c\u5fc5\u8981\u7684\u5de5\u4f5c\uff1b\u6839\u636e\u60a8\u7684\u559c\u597d\u3001\u4f7f\u7528\u4e60\u60ef\u548c\u9700\u6c42\u5b9a\u5236\u6211\u4eec\u7684\u4ea7\u54c1\u548c\u670d\u52a1\u5e76\u5411\u60a8\u63a8\u8350\uff1b\u5b9e\u65bd\u6211\u4eec\u7684\u4eba\u529b\u8d44\u6e90\u653f\u7b56\uff1b\u4fdd\u969c\u6211\u4eec\u53ca\u4e0e\u6211\u4eec\u6709\u5546\u4e1a\u5173\u7cfb\u7684\u4eba\u5458\u7684\u6cd5\u5f8b\u548c\u5546\u4e1a\u5b89\u5168\uff1b\u786e\u5b9a\u548c\u5b9e\u65bd\u6211\u4eec\u7684\u5546\u4e1a\u548c\u4e1a\u52a1\u6218\u7565\u3002\u8be6\u7ec6\u4fe1\u606f\u8bf7\u53c2\u8003\u6211\u4eec\u5728https:\/\/perapalace.com\/kvkk-politikasi\/\u4e0a\u5171\u4eab\u7684\u4e2a\u4eba\u6570\u636e\u4fdd\u62a4\u548c\u5904\u7406\u653f\u7b56\u3002<\/p>\n<p>&nbsp;<\/p>\n<h2><strong>\u4e2a\u4eba\u6570\u636e\u6536\u96c6\u7684\u65b9\u6cd5\u548c\u6cd5\u5f8b\u4f9d\u636e<\/strong><\/h2>\n<p>\u60a8\u7684\u4e2a\u4eba\u6570\u636e\u5c06\u901a\u8fc7\u516c\u53f8\u7f51\u7ad9\u3001\u547c\u53eb\u4e2d\u5fc3\u548c\u5b9e\u4f53\u6e20\u9053\u7b49\u4e0d\u540c\u6e20\u9053\u901a\u8fc7\u6280\u672f\u548c\u6d41\u7a0b\u65b9\u6cd5\u8fdb\u884c\u6536\u96c6\uff1b\u6839\u636e\u76f8\u5173\u6cd5\u5f8b\u3001\u5408\u540c\u3001\u8bf7\u6c42\u3001\u5546\u4e1a\u4e60\u60ef\u548c\u8bda\u4fe1\u539f\u5219\u6536\u96c6\u4e2a\u4eba\u6570\u636e\uff0c\u4ee5\u4fbf\u4e3a\u60a8\u63d0\u4f9b\u5546\u4e1a\u670d\u52a1\u5e76\u5f00\u5c55\u5546\u4e1a\u6d3b\u52a8\u3002\u8fd9\u4e9b\u6cd5\u5f8b\u57fa\u7840\u4e0b\u6536\u96c6\u7684\u4e2a\u4eba\u6570\u636e\u53ef\u4ee5\u6839\u636e\u672c\u8bf4\u660e\u4e66\u7b2c(b)\u548c(c)\u6761\u4e2d\u5217\u793a\u7684\u76ee\u7684\u8fdb\u884c\u5904\u7406\u548c\u4f20\u9012\uff0c\u7b26\u54086698\u53f7\u6cd5\u7b2c5\u548c\u7b2c6\u6761\u7684\u89c4\u5b9a\u3002<\/p>\n<p>&nbsp;<\/p>\n<h2><strong>\u4e2a\u4eba\u6570\u636e\u6240\u6709\u8005\u57286698\u53f7\u6cd5\u7b2c11\u6761\u4e2d\u5217\u660e\u7684\u6743\u5229<\/strong><\/h2>\n<p>\u4f5c\u4e3a\u4e2a\u4eba\u6570\u636e\u6240\u6709\u8005\uff0c\u60a8\u53ef\u4ee5\u901a\u8fc7\u5411\u6211\u4eec\u63d0\u4ea4\u8bf7\u6c42\u6765\u884c\u4f7f\u60a8\u7684\u6743\u5229\uff0c\u6211\u4eec\u5c06\u5728\u6700\u77ed\u65f6\u95f4\u5185\u5904\u7406\u8bf7\u6c42\uff0c\u6700\u957f\u4e0d\u8d85\u8fc7\u4e09\u5341\u5929\u3002\u5982\u679c\u5904\u7406\u8be5\u8bf7\u6c42\u9700\u8981\u989d\u5916\u8d39\u7528\uff0c\u5219\u6839\u636e\u4e2a\u4eba\u6570\u636e\u4fdd\u62a4\u59d4\u5458\u4f1a\u786e\u5b9a\u7684\u8d39\u7387\u5c06\u6536\u53d6\u8d39\u7528\u3002\u5728\u8fd9\u65b9\u9762\uff0c\u4e2a\u4eba\u6570\u636e\u6240\u6709\u8005\u6709\u6743\u8bf7\u6c42\u516c\u53f8\uff1a<\/p>\n<p>\u4e86\u89e3\u4e2a\u4eba\u6570\u636e\u662f\u5426\u88ab\u5904\u7406\uff1b<br \/>\n\u8bf7\u6c42\u5173\u4e8e\u5904\u7406\u4e2a\u4eba\u6570\u636e\u7684\u4fe1\u606f\uff1b<br \/>\n\u4e86\u89e3\u4e2a\u4eba\u6570\u636e\u5904\u7406\u7684\u76ee\u7684\u53ca\u5176\u662f\u5426\u5f97\u5230\u9002\u5f53\u4f7f\u7528\uff1b<br \/>\n\u77e5\u9053\u4e2a\u4eba\u6570\u636e\u88ab\u8f6c\u79fb\u5230\u56fd\u5185\u5916\u7684\u7b2c\u4e09\u65b9\uff1b<br \/>\n\u8bf7\u6c42\u7ea0\u6b63\u4e0d\u5b8c\u6574\u6216\u9519\u8bef\u5904\u7406\u7684\u4e2a\u4eba\u6570\u636e\uff0c\u5e76\u8981\u6c42\u5c06\u6b64\u7c7b\u66f4\u6539\u901a\u77e5\u4e2a\u4eba\u6570\u636e\u88ab\u8f6c\u79fb\u7684\u7b2c\u4e09\u65b9\uff1b<br \/>\n\u8bf7\u6c42\u5728\u5904\u7406\u4e2a\u4eba\u6570\u636e\u7684\u539f\u56e0\u4e0d\u518d\u5b58\u5728\u7684\u60c5\u51b5\u4e0b\uff0c\u4f9d\u636e6698\u53f7\u6cd5\u548c\u76f8\u5173\u6cd5\u5f8b\u7684\u89c4\u5b9a\u5220\u9664\u6216\u9500\u6bc1\u4e2a\u4eba\u6570\u636e\uff0c\u5e76\u8981\u6c42\u5c06\u6b64\u7c7b\u5904\u7406\u901a\u77e5\u4e2a\u4eba\u6570\u636e\u88ab\u8f6c\u79fb\u7684\u7b2c\u4e09\u65b9\uff1b<br \/>\n\u5bf9\u4e2a\u4eba\u6570\u636e\u4ec5\u901a\u8fc7\u81ea\u52a8\u5316\u7cfb\u7edf\u8fdb\u884c\u5206\u6790\u800c\u4ea7\u751f\u7684\u5bf9\u81ea\u5df1\u4e0d\u5229\u7684\u7ed3\u679c\u63d0\u51fa\u5f02\u8bae\uff1b<br \/>\n\u56e0\u4e2a\u4eba\u6570\u636e\u88ab\u975e\u6cd5\u5904\u7406\u800c\u906d\u53d7\u635f\u5931\u7684\u60c5\u51b5\u4e0b\u8bf7\u6c42\u8d54\u507f\u3002<br \/>\n\u6839\u636eKVK\u6cd5\u7b2c13\u6761\u7b2c1\u6b3e\u7684\u89c4\u5b9a\uff0c\u60a8\u53ef\u4ee5\u901a\u8fc7\u4e66\u9762\u6216\u4e2a\u4eba\u6570\u636e\u4fdd\u62a4\u59d4\u5458\u4f1a\u6307\u5b9a\u7684\u5176\u4ed6\u65b9\u6cd5\u5411\u516c\u53f8\u63d0\u4ea4\u8bf7\u6c42\uff0c\u4ee5\u884c\u4f7f\u4e0a\u8ff0\u6743\u5229\u3002\u7531\u4e8e\u76ee\u524d\u4e2a\u4eba\u6570\u636e\u4fdd\u62a4\u59d4\u5458\u4f1a\u5c1a\u672a\u89c4\u5b9a\u4efb\u4f55\u65b9\u6cd5\uff0c\u60a8\u9700\u8981\u4ee5\u4e66\u9762\u5f62\u5f0f\u5c06\u8bf7\u6c42\u63d0\u4ea4\u7ed9\u516c\u53f8\u3002\u5728\u8fd9\u65b9\u9762\uff0c\u60a8\u53ef\u4ee5\u901a\u8fc7\u586b\u5199\u7533\u8bf7\u8868\uff0c\u5728https:\/\/perapalace.com\/kvkk-politikasi\/\u4e0a\u627e\u5230\u6240\u9700\u4fe1\u606f\u5e76\u5c06\u5176\u4eb2\u81ea\u9012\u4ea4\u5230Evliya \u00c7elebi Mahallesi Me\u015frutiyet Caddesi No:52, Beyo\u011flu, \u0130stanbul\uff0c\u9644\u4e0a\u8eab\u4efd\u8bc6\u522b\u6587\u4ef6\uff0c\u6216\u901a\u8fc7\u516c\u8bc1\u4eba\u6216\u5176\u4ed6KVK\u6cd5\u4e2d\u6307\u5b9a\u7684\u65b9\u6cd5\u53d1\u9001\u7533\u8bf7\uff0c\u6216\u5c06\u7533\u8bf7\u8868\u4ee5\u5b89\u5168\u7535\u5b50\u7b7e\u540d\u5f62\u5f0f\u53d1\u9001\u81f3mackakonaklama@hs01.kep.tr\u3002<\/p>\n","protected":false},"excerpt":{"rendered":"<p>MA\u00c7KA KONAKLAMA A.\u015e.\uff08\u4f69\u62c9\u7687\u5bab&#8230;<\/p>\n","protected":false},"author":1,"featured_media":0,"parent":0,"menu_order":0,"comment_status":"closed","ping_status":"closed","template":"page-duz.php","meta":{"inline_featured_image":false,"footnotes":""},"class_list":["post-19688","page","type-page","status-publish","hentry"],"yoast_head":"<!-- This site is optimized with the Yoast SEO plugin v27.2 - https:\/\/yoast.com\/product\/yoast-seo-wordpress\/ -->\n<title>\u8bf4\u660e\u6587\u672c - Pera Palace\u9152\u5e97<\/title>\n<meta name=\"robots\" content=\"index, follow, max-snippet:-1, max-image-preview:large, max-video-preview:-1\" \/>\n<link rel=\"canonical\" href=\"https:\/\/perapalace.com\/zh-hans\/clarification-text\/\" \/>\n<meta property=\"og:locale\" content=\"zh_CN\" \/>\n<meta property=\"og:type\" content=\"article\" \/>\n<meta property=\"og:title\" content=\"\u8bf4\u660e\u6587\u672c - Pera Palace\u9152\u5e97\" \/>\n<meta property=\"og:description\" content=\"MA\u00c7KA KONAKLAMA A.\u015e.\uff08\u4f69\u62c9\u7687\u5bab...\" \/>\n<meta property=\"og:url\" content=\"https:\/\/perapalace.com\/zh-hans\/clarification-text\/\" \/>\n<meta property=\"og:site_name\" content=\"Pera Palace\u9152\u5e97\" \/>\n<meta property=\"article:publisher\" content=\"https:\/\/www.facebook.com\/perapalacehotel\" \/>\n<meta property=\"article:modified_time\" content=\"2024-12-16T13:14:33+00:00\" \/>\n<meta name=\"twitter:card\" content=\"summary_large_image\" \/>\n<script type=\"application\/ld+json\" class=\"yoast-schema-graph\">{\"@context\":\"https:\/\/schema.org\",\"@graph\":[{\"@type\":\"WebPage\",\"@id\":\"https:\/\/perapalace.com\/zh-hans\/clarification-text\/\",\"url\":\"https:\/\/perapalace.com\/zh-hans\/clarification-text\/\",\"name\":\"\u8bf4\u660e\u6587\u672c - Pera Palace\u9152\u5e97\",\"isPartOf\":{\"@id\":\"https:\/\/perapalace.com\/#website\"},\"datePublished\":\"2021-12-18T20:13:21+00:00\",\"dateModified\":\"2024-12-16T13:14:33+00:00\",\"breadcrumb\":{\"@id\":\"https:\/\/perapalace.com\/zh-hans\/clarification-text\/#breadcrumb\"},\"inLanguage\":\"zh-CN\",\"potentialAction\":[{\"@type\":\"ReadAction\",\"target\":[\"https:\/\/perapalace.com\/zh-hans\/clarification-text\/\"]}]},{\"@type\":\"BreadcrumbList\",\"@id\":\"https:\/\/perapalace.com\/zh-hans\/clarification-text\/#breadcrumb\",\"itemListElement\":[{\"@type\":\"ListItem\",\"position\":1,\"name\":\"Anasayfa\",\"item\":\"https:\/\/perapalace.com\/zh-hans\/\"},{\"@type\":\"ListItem\",\"position\":2,\"name\":\"\u8bf4\u660e\u6587\u672c\"}]},{\"@type\":\"WebSite\",\"@id\":\"https:\/\/perapalace.com\/#website\",\"url\":\"https:\/\/perapalace.com\/\",\"name\":\"Pera Palace Hotel\",\"description\":\"\u0130konik ve Tarihi Otel - \u0130stanbul&#039;un Kalbi Pera&#039;da\",\"publisher\":{\"@id\":\"https:\/\/perapalace.com\/#organization\"},\"potentialAction\":[{\"@type\":\"SearchAction\",\"target\":{\"@type\":\"EntryPoint\",\"urlTemplate\":\"https:\/\/perapalace.com\/?s={search_term_string}\"},\"query-input\":{\"@type\":\"PropertyValueSpecification\",\"valueRequired\":true,\"valueName\":\"search_term_string\"}}],\"inLanguage\":\"zh-CN\"},{\"@type\":\"Organization\",\"@id\":\"https:\/\/perapalace.com\/#organization\",\"name\":\"Pera Palace Hotel\",\"url\":\"https:\/\/perapalace.com\/\",\"logo\":{\"@type\":\"ImageObject\",\"inLanguage\":\"zh-CN\",\"@id\":\"https:\/\/perapalace.com\/#\/schema\/logo\/image\/\",\"url\":\"https:\/\/perapalace.com\/wp-content\/uploads\/2021\/12\/main-logo.svg\",\"contentUrl\":\"https:\/\/perapalace.com\/wp-content\/uploads\/2021\/12\/main-logo.svg\",\"width\":120,\"height\":97,\"caption\":\"Pera Palace Hotel\"},\"image\":{\"@id\":\"https:\/\/perapalace.com\/#\/schema\/logo\/image\/\"},\"sameAs\":[\"https:\/\/www.facebook.com\/perapalacehotel\"]}]}<\/script>\n<!-- \/ Yoast SEO plugin. -->","yoast_head_json":{"title":"\u8bf4\u660e\u6587\u672c - Pera Palace\u9152\u5e97","robots":{"index":"index","follow":"follow","max-snippet":"max-snippet:-1","max-image-preview":"max-image-preview:large","max-video-preview":"max-video-preview:-1"},"canonical":"https:\/\/perapalace.com\/zh-hans\/clarification-text\/","og_locale":"zh_CN","og_type":"article","og_title":"\u8bf4\u660e\u6587\u672c - Pera Palace\u9152\u5e97","og_description":"MA\u00c7KA KONAKLAMA A.\u015e.\uff08\u4f69\u62c9\u7687\u5bab...","og_url":"https:\/\/perapalace.com\/zh-hans\/clarification-text\/","og_site_name":"Pera Palace\u9152\u5e97","article_publisher":"https:\/\/www.facebook.com\/perapalacehotel","article_modified_time":"2024-12-16T13:14:33+00:00","twitter_card":"summary_large_image","schema":{"@context":"https:\/\/schema.org","@graph":[{"@type":"WebPage","@id":"https:\/\/perapalace.com\/zh-hans\/clarification-text\/","url":"https:\/\/perapalace.com\/zh-hans\/clarification-text\/","name":"\u8bf4\u660e\u6587\u672c - Pera Palace\u9152\u5e97","isPartOf":{"@id":"https:\/\/perapalace.com\/#website"},"datePublished":"2021-12-18T20:13:21+00:00","dateModified":"2024-12-16T13:14:33+00:00","breadcrumb":{"@id":"https:\/\/perapalace.com\/zh-hans\/clarification-text\/#breadcrumb"},"inLanguage":"zh-CN","potentialAction":[{"@type":"ReadAction","target":["https:\/\/perapalace.com\/zh-hans\/clarification-text\/"]}]},{"@type":"BreadcrumbList","@id":"https:\/\/perapalace.com\/zh-hans\/clarification-text\/#breadcrumb","itemListElement":[{"@type":"ListItem","position":1,"name":"Anasayfa","item":"https:\/\/perapalace.com\/zh-hans\/"},{"@type":"ListItem","position":2,"name":"\u8bf4\u660e\u6587\u672c"}]},{"@type":"WebSite","@id":"https:\/\/perapalace.com\/#website","url":"https:\/\/perapalace.com\/","name":"Pera Palace Hotel","description":"\u0130konik ve Tarihi Otel - \u0130stanbul&#039;un Kalbi Pera&#039;da","publisher":{"@id":"https:\/\/perapalace.com\/#organization"},"potentialAction":[{"@type":"SearchAction","target":{"@type":"EntryPoint","urlTemplate":"https:\/\/perapalace.com\/?s={search_term_string}"},"query-input":{"@type":"PropertyValueSpecification","valueRequired":true,"valueName":"search_term_string"}}],"inLanguage":"zh-CN"},{"@type":"Organization","@id":"https:\/\/perapalace.com\/#organization","name":"Pera Palace Hotel","url":"https:\/\/perapalace.com\/","logo":{"@type":"ImageObject","inLanguage":"zh-CN","@id":"https:\/\/perapalace.com\/#\/schema\/logo\/image\/","url":"https:\/\/perapalace.com\/wp-content\/uploads\/2021\/12\/main-logo.svg","contentUrl":"https:\/\/perapalace.com\/wp-content\/uploads\/2021\/12\/main-logo.svg","width":120,"height":97,"caption":"Pera Palace Hotel"},"image":{"@id":"https:\/\/perapalace.com\/#\/schema\/logo\/image\/"},"sameAs":["https:\/\/www.facebook.com\/perapalacehotel"]}]}},"_links":{"self":[{"href":"https:\/\/perapalace.com\/zh-hans\/wp-json\/wp\/v2\/pages\/19688","targetHints":{"allow":["GET"]}}],"collection":[{"href":"https:\/\/perapalace.com\/zh-hans\/wp-json\/wp\/v2\/pages"}],"about":[{"href":"https:\/\/perapalace.com\/zh-hans\/wp-json\/wp\/v2\/types\/page"}],"author":[{"embeddable":true,"href":"https:\/\/perapalace.com\/zh-hans\/wp-json\/wp\/v2\/users\/1"}],"replies":[{"embeddable":true,"href":"https:\/\/perapalace.com\/zh-hans\/wp-json\/wp\/v2\/comments?post=19688"}],"version-history":[{"count":0,"href":"https:\/\/perapalace.com\/zh-hans\/wp-json\/wp\/v2\/pages\/19688\/revisions"}],"wp:attachment":[{"href":"https:\/\/perapalace.com\/zh-hans\/wp-json\/wp\/v2\/media?parent=19688"}],"curies":[{"name":"wp","href":"https:\/\/api.w.org\/{rel}","templated":true}]}}