{"id":2405,"date":"2021-12-18T23:09:07","date_gmt":"2021-12-18T20:09:07","guid":{"rendered":"http:\/\/perapalace.com\/kvkk-politikasi\/"},"modified":"2025-04-16T16:46:57","modified_gmt":"2025-04-16T13:46:57","slug":"personal-data-protection","status":"publish","type":"page","link":"https:\/\/perapalace.com\/en\/personal-data-protection\/","title":{"rendered":"INFORMATION STATEMENT ON PROCESSING PERSONAL DATA OF CUSTOMERS"},"content":{"rendered":"<h2 style=\"text-align: center;\">MA\u00c7KA KONAKLAMA A.\u015e. (PERA PALACE HOTEL)<\/h2>\n<h2 style=\"text-align: center;\">INFORMATION STATEMENT ON PROCESSING PERSONAL DATA OF CUSTOMERS<\/h2>\n<p>&nbsp;<\/p>\n<p>We, as Ma\u00e7ka Konaklama A.\u015e (Pera Palace Hotel) (&#8220;Company&#8221;), act with utmost sensitivity in terms of the protection of your personal data. With this awareness, we attach utmost importance that all kinds of personal data belonging to all persons related to the Company -including persons that benefit from our products and services as companies- are processed and stored in accordance with Personal Data Protection Law No. 6698 (\u201cPDP Law\u201d). With full understanding of this responsibility and acting in the capacity of \u201cData Controller\u201d as defined in PDP Law, we process your personal data as explained below and within the limitations regulated by the legislation.<\/p>\n<p>&nbsp;<\/p>\n<h3><strong>1. Data Controller and Its Representative<\/strong><\/h3>\n<p>As per Personal Data Protection Law No. 6698 (&#8220;Law No. 6698), your personal data may be processed by Ma\u00e7ka Konaklama ve Otel Hizmetleri A.\u015e. ( Pera Palace Hotel) located at the address of Evliya \u00c7elebi mahallesi Me\u015frutiyet Caddesi No:52, Beyo\u011flu, Istanbul as data controller.<\/p>\n<p>&nbsp;<\/p>\n<h3><strong>2. For What Purposes the Personal Data Shall be Processed<\/strong><\/h3>\n<p>Your personal data collected shall be processed within the framework of performing our business operations under personal data processing conditions and purposes stated in Articles 5 and 6 of Law No. 6698 to ensure that the works necessary for you to enjoy products and services provided by our Company are carried out by our business units; products and services provided by our Company are customized and offered to your taste, habits of use and needs; human resources policies of our Company are implemented; our Company and people that have business relationships with our Company are legally and commercially protected; commercial and business strategies of our Company are determined and implemented.<\/p>\n<p>Please visit <a href=\"https:\/\/perapalace.com\/en\/personal-data-protection\/\"><strong>https:\/\/perapalace.com\/en\/personal-data-protection\/<\/strong><\/a> website for more information about the purpose of personal data processing by our Company and for publicly available Personal Data Protection and Processing Policy.<\/p>\n<p>&nbsp;<\/p>\n<h3><strong>3. Processing of Special Personal Data<\/strong><\/h3>\n<p>According to PDP Law, information about people&#8217;s race, ethnicity, political thought, philosophical belief, religion, sect or other beliefs, appearance and clothing, membership to an association, foundation or trade union, health, sexual life, criminal conviction and safety precautions as well as their biometrical and genetic data are special personal data. Our Company sufficiently takes\u00a0measures specified by Personal Data Protection Board in terms of processing special data. In order to provide better service, our Company shall only process special personal data by receiving the related person&#8217;s consent and only in line with the purpose of collection.<\/p>\n<p>&nbsp;<\/p>\n<h3><strong>4. To Whom and for What Purposes the Processed Personal Data Shall be Transferred<\/strong><\/h3>\n<p>Your personal data collected shall be transferred to our business partners, suppliers, shareholders, affiliates and legally authorized public institutions and private persons within the framework of performing our business operations under personal data processing conditions and purposes stated in Articles 8 and 9 of Law No. 6698 and to be limited with the purposes stated in the Personal Data Protection and Processing Policy publicly available on <a href=\"https:\/\/perapalace.com\/en\/personal-data-protection\/\"><strong>https:\/\/perapalace.com\/en\/personal-data-protection\/<\/strong><\/a>\u00a0website to ensure that the works necessary for you to enjoy products and services provided by our Company are carried out by our business units; products and services provided by our Company are customized and offered to your taste, habits of use and needs; human resources policies of our Company are implemented; our Company and people that have business relationships with our Company are legally and commercially protected; commercial and business strategies of our Company are determined and implemented.<\/p>\n<p>&nbsp;<\/p>\n<h3><strong>5. Method and Legal Reason of Collecting Personal Data<\/strong><\/h3>\n<p>Your personal data are collected by our Company through techniques and process methods in different channels such as website, call center and physical channels within the framework of legal reasons that arise from and are enforced based on the rules of related legislation, contract, demands, commercial practice and good faith which are implemented in the delivery of our commercial services by using channels and performance of our business operations. Your personal data collected for such legal reason may be processed and transferred within the scope of the conditions and purposes of personal data processing stated in Articles 5 and 6 of Law No. 6698 for the purposes given in Articles (b) and (c) of the Information Text.<\/p>\n<p>&nbsp;<\/p>\n<h3><strong>6. The Rights of Personal Data Subject as Stipulated in Article 11 of Law No.6698<\/strong><\/h3>\n<p>If you claim your rights as personal data subjects, our Company shall finalize your claim as soon as possible and within a maximum of thirty days based on the nature of the claim. However, if the process requires additional cost, our Company shall collect the charge determined by the Personal Data Protection Board. In this context, personal data subjects are entitled to:<\/p>\n<p>\u2022 Learn whether their personal data are processed or not,<\/p>\n<p>\u2022 Request information if their personal data are processed,<\/p>\n<p>\u2022 Learn the purpose of processing personal data and whether they are used for intended purposes,<\/p>\n<p>\u2022 know the third persons to whom their personal data are transferred at home or abroad,<\/p>\n<p>\u2022 Request correction if their personal data are processed incompletely or inaccurately, and request that the third persons to whom such data are transferred are informed accordingly,<\/p>\n<p>\u2022 Request that their personal data are deleted or destroyed, if the reasons for processing are no longer available, even if they are processed in accordance with the provisions of Law No. 6698 and other related laws, and request that the third persons to whom such data are transferred are informed accordingly,<\/p>\n<p>\u2022 Object to a detrimental result that arises from the analysis of the processed data exclusively via automated systems,<\/p>\n<p>\u2022 Claim damages if they suffer loss as their personal data is not processed in accordance with law.<\/p>\n<p>As per the 1st paragraph of Article 13 of PDP Law, you can submit your request to our Company for exercising your above-mentioned rights in written or by means of other methods determined by Personal Data Protection Board. As the Personal Data Protection Board has not determined any methods yet, you should submit your application to our Company in writing pursuant to PDP Law. In this respect, the channels and procedures for submitting your application to our Company within the scope of Article 11 of PDP Law are explained below.<\/p>\n<p>In order to exercise your above-mentioned rights: you may fill in the form that you can access from <a href=\"https:\/\/perapalace.com\/en\/personal-data-protection\/\"><strong>https:\/\/perapalace.com\/en\/personal-data-protection\/<\/strong><\/a> with your personal identifying information along with the explanations related to your right which you request to exercise as stated in Article 11 of PDP Law and submit a signed copy of the form along with the documents that identify you to the address of Evliya \u00c7elebi Mahallesi Me\u015frutiyet Caddesi No:52, Beyo\u011flu, \u0130stanbul, sent the same by means of a public notary or through other methods stated in PDP Law or submit the related form to <a href=\"mailto:mackakonaklama@hs01.kep.tr\"><strong>mackakonaklama@hs01.kep.tr<\/strong><\/a> with a secure electronic signature.<\/p>\n<p><a href=\"https:\/\/perapalace.com\/wp-content\/uploads\/2023\/11\/KVKK-004-Pera-Palace-Hotel-KVKK-Declaration-of-Express-Consent.pdf\" target=\"_blank\" rel=\"noopener\"><strong>Declaration Of Express Consent Under Personal Data Protection Law<\/strong><\/a><\/p>\n<p><a href=\"https:\/\/perapalace.com\/wp-content\/uploads\/2025\/04\/Cookie-Policy.pdf\"><strong>Cookie Policy<\/strong><\/a><\/p>\n","protected":false},"excerpt":{"rendered":"<p>MA\u00c7KA KONAKLAMA A.\u015e. (PERA PALACE HOTEL) INFORMATION STATEMENT ON PROCESSING PERSONAL DATA OF CUSTOMERS &nbsp; We, as Ma\u00e7ka Konaklama A.\u015e (Pera Palace Hotel) (&#8220;Company&#8221;), act&#8230;<\/p>\n","protected":false},"author":1,"featured_media":0,"parent":0,"menu_order":0,"comment_status":"closed","ping_status":"closed","template":"page-duz.php","meta":{"inline_featured_image":false,"footnotes":""},"class_list":["post-2405","page","type-page","status-publish","hentry"],"yoast_head":"<!-- This site is optimized with the Yoast SEO plugin v27.4 - https:\/\/yoast.com\/product\/yoast-seo-wordpress\/ -->\n<title>Personal Data Protection Policy - Pera Palace Hotel<\/title>\n<meta name=\"description\" content=\"As Ma\u00e7ka Lodge A.\u015e (Pera Palace Hotel) (\u201cCompany\u201d), we show maximum sensitivity to the security of your personal data.\" \/>\n<meta name=\"robots\" content=\"index, follow, max-snippet:-1, max-image-preview:large, max-video-preview:-1\" \/>\n<link rel=\"canonical\" href=\"https:\/\/perapalace.com\/en\/personal-data-protection\/\" \/>\n<meta property=\"og:locale\" content=\"en_US\" \/>\n<meta property=\"og:type\" content=\"article\" \/>\n<meta property=\"og:title\" content=\"Personal Data Protection Policy - Pera Palace Hotel\" \/>\n<meta property=\"og:description\" content=\"As Ma\u00e7ka Lodge A.\u015e (Pera Palace Hotel) (\u201cCompany\u201d), we show maximum sensitivity to the security of your personal data.\" \/>\n<meta property=\"og:url\" content=\"https:\/\/perapalace.com\/en\/personal-data-protection\/\" \/>\n<meta property=\"og:site_name\" content=\"Pera Palace Hotel\" \/>\n<meta property=\"article:publisher\" content=\"https:\/\/www.facebook.com\/perapalacehotel\" \/>\n<meta property=\"article:modified_time\" content=\"2025-04-16T13:46:57+00:00\" \/>\n<meta name=\"twitter:card\" content=\"summary_large_image\" \/>\n<meta name=\"twitter:label1\" content=\"Est. reading time\" \/>\n\t<meta name=\"twitter:data1\" content=\"6 minutes\" \/>\n<script type=\"application\/ld+json\" class=\"yoast-schema-graph\">{\"@context\":\"https:\\\/\\\/schema.org\",\"@graph\":[{\"@type\":\"WebPage\",\"@id\":\"https:\\\/\\\/perapalace.com\\\/en\\\/personal-data-protection\\\/\",\"url\":\"https:\\\/\\\/perapalace.com\\\/en\\\/personal-data-protection\\\/\",\"name\":\"Personal Data Protection Policy - Pera Palace Hotel\",\"isPartOf\":{\"@id\":\"https:\\\/\\\/perapalace.com\\\/#website\"},\"datePublished\":\"2021-12-18T20:09:07+00:00\",\"dateModified\":\"2025-04-16T13:46:57+00:00\",\"description\":\"As Ma\u00e7ka Lodge A.\u015e (Pera Palace Hotel) (\u201cCompany\u201d), we show maximum sensitivity to the security of your personal data.\",\"breadcrumb\":{\"@id\":\"https:\\\/\\\/perapalace.com\\\/en\\\/personal-data-protection\\\/#breadcrumb\"},\"inLanguage\":\"en-US\",\"potentialAction\":[{\"@type\":\"ReadAction\",\"target\":[\"https:\\\/\\\/perapalace.com\\\/en\\\/personal-data-protection\\\/\"]}]},{\"@type\":\"BreadcrumbList\",\"@id\":\"https:\\\/\\\/perapalace.com\\\/en\\\/personal-data-protection\\\/#breadcrumb\",\"itemListElement\":[{\"@type\":\"ListItem\",\"position\":1,\"name\":\"Anasayfa\",\"item\":\"https:\\\/\\\/perapalace.com\\\/en\\\/\"},{\"@type\":\"ListItem\",\"position\":2,\"name\":\"INFORMATION STATEMENT ON PROCESSING PERSONAL DATA OF CUSTOMERS\"}]},{\"@type\":\"WebSite\",\"@id\":\"https:\\\/\\\/perapalace.com\\\/#website\",\"url\":\"https:\\\/\\\/perapalace.com\\\/\",\"name\":\"Pera Palace Hotel\",\"description\":\"\u0130konik ve Tarihi Otel - \u0130stanbul&#039;un Kalbi Pera&#039;da\",\"publisher\":{\"@id\":\"https:\\\/\\\/perapalace.com\\\/#organization\"},\"potentialAction\":[{\"@type\":\"SearchAction\",\"target\":{\"@type\":\"EntryPoint\",\"urlTemplate\":\"https:\\\/\\\/perapalace.com\\\/?s={search_term_string}\"},\"query-input\":{\"@type\":\"PropertyValueSpecification\",\"valueRequired\":true,\"valueName\":\"search_term_string\"}}],\"inLanguage\":\"en-US\"},{\"@type\":\"Organization\",\"@id\":\"https:\\\/\\\/perapalace.com\\\/#organization\",\"name\":\"Pera Palace Hotel\",\"url\":\"https:\\\/\\\/perapalace.com\\\/\",\"logo\":{\"@type\":\"ImageObject\",\"inLanguage\":\"en-US\",\"@id\":\"https:\\\/\\\/perapalace.com\\\/#\\\/schema\\\/logo\\\/image\\\/\",\"url\":\"https:\\\/\\\/perapalace.com\\\/wp-content\\\/uploads\\\/2021\\\/12\\\/main-logo.svg\",\"contentUrl\":\"https:\\\/\\\/perapalace.com\\\/wp-content\\\/uploads\\\/2021\\\/12\\\/main-logo.svg\",\"width\":120,\"height\":97,\"caption\":\"Pera Palace Hotel\"},\"image\":{\"@id\":\"https:\\\/\\\/perapalace.com\\\/#\\\/schema\\\/logo\\\/image\\\/\"},\"sameAs\":[\"https:\\\/\\\/www.facebook.com\\\/perapalacehotel\"]}]}<\/script>\n<!-- \/ Yoast SEO plugin. -->","yoast_head_json":{"title":"Personal Data Protection Policy - Pera Palace Hotel","description":"As Ma\u00e7ka Lodge A.\u015e (Pera Palace Hotel) (\u201cCompany\u201d), we show maximum sensitivity to the security of your personal data.","robots":{"index":"index","follow":"follow","max-snippet":"max-snippet:-1","max-image-preview":"max-image-preview:large","max-video-preview":"max-video-preview:-1"},"canonical":"https:\/\/perapalace.com\/en\/personal-data-protection\/","og_locale":"en_US","og_type":"article","og_title":"Personal Data Protection Policy - Pera Palace Hotel","og_description":"As Ma\u00e7ka Lodge A.\u015e (Pera Palace Hotel) (\u201cCompany\u201d), we show maximum sensitivity to the security of your personal data.","og_url":"https:\/\/perapalace.com\/en\/personal-data-protection\/","og_site_name":"Pera Palace Hotel","article_publisher":"https:\/\/www.facebook.com\/perapalacehotel","article_modified_time":"2025-04-16T13:46:57+00:00","twitter_card":"summary_large_image","twitter_misc":{"Est. reading time":"6 minutes"},"schema":{"@context":"https:\/\/schema.org","@graph":[{"@type":"WebPage","@id":"https:\/\/perapalace.com\/en\/personal-data-protection\/","url":"https:\/\/perapalace.com\/en\/personal-data-protection\/","name":"Personal Data Protection Policy - Pera Palace Hotel","isPartOf":{"@id":"https:\/\/perapalace.com\/#website"},"datePublished":"2021-12-18T20:09:07+00:00","dateModified":"2025-04-16T13:46:57+00:00","description":"As Ma\u00e7ka Lodge A.\u015e (Pera Palace Hotel) (\u201cCompany\u201d), we show maximum sensitivity to the security of your personal data.","breadcrumb":{"@id":"https:\/\/perapalace.com\/en\/personal-data-protection\/#breadcrumb"},"inLanguage":"en-US","potentialAction":[{"@type":"ReadAction","target":["https:\/\/perapalace.com\/en\/personal-data-protection\/"]}]},{"@type":"BreadcrumbList","@id":"https:\/\/perapalace.com\/en\/personal-data-protection\/#breadcrumb","itemListElement":[{"@type":"ListItem","position":1,"name":"Anasayfa","item":"https:\/\/perapalace.com\/en\/"},{"@type":"ListItem","position":2,"name":"INFORMATION STATEMENT ON PROCESSING PERSONAL DATA OF CUSTOMERS"}]},{"@type":"WebSite","@id":"https:\/\/perapalace.com\/#website","url":"https:\/\/perapalace.com\/","name":"Pera Palace Hotel","description":"\u0130konik ve Tarihi Otel - \u0130stanbul&#039;un Kalbi Pera&#039;da","publisher":{"@id":"https:\/\/perapalace.com\/#organization"},"potentialAction":[{"@type":"SearchAction","target":{"@type":"EntryPoint","urlTemplate":"https:\/\/perapalace.com\/?s={search_term_string}"},"query-input":{"@type":"PropertyValueSpecification","valueRequired":true,"valueName":"search_term_string"}}],"inLanguage":"en-US"},{"@type":"Organization","@id":"https:\/\/perapalace.com\/#organization","name":"Pera Palace Hotel","url":"https:\/\/perapalace.com\/","logo":{"@type":"ImageObject","inLanguage":"en-US","@id":"https:\/\/perapalace.com\/#\/schema\/logo\/image\/","url":"https:\/\/perapalace.com\/wp-content\/uploads\/2021\/12\/main-logo.svg","contentUrl":"https:\/\/perapalace.com\/wp-content\/uploads\/2021\/12\/main-logo.svg","width":120,"height":97,"caption":"Pera Palace Hotel"},"image":{"@id":"https:\/\/perapalace.com\/#\/schema\/logo\/image\/"},"sameAs":["https:\/\/www.facebook.com\/perapalacehotel"]}]}},"_links":{"self":[{"href":"https:\/\/perapalace.com\/en\/wp-json\/wp\/v2\/pages\/2405","targetHints":{"allow":["GET"]}}],"collection":[{"href":"https:\/\/perapalace.com\/en\/wp-json\/wp\/v2\/pages"}],"about":[{"href":"https:\/\/perapalace.com\/en\/wp-json\/wp\/v2\/types\/page"}],"author":[{"embeddable":true,"href":"https:\/\/perapalace.com\/en\/wp-json\/wp\/v2\/users\/1"}],"replies":[{"embeddable":true,"href":"https:\/\/perapalace.com\/en\/wp-json\/wp\/v2\/comments?post=2405"}],"version-history":[{"count":0,"href":"https:\/\/perapalace.com\/en\/wp-json\/wp\/v2\/pages\/2405\/revisions"}],"wp:attachment":[{"href":"https:\/\/perapalace.com\/en\/wp-json\/wp\/v2\/media?parent=2405"}],"curies":[{"name":"wp","href":"https:\/\/api.w.org\/{rel}","templated":true}]}}