{"id":2351,"date":"2021-12-18T23:15:18","date_gmt":"2021-12-18T20:15:18","guid":{"rendered":"http:\/\/perapalace.com\/elektronik-ticari-ileti-onay-formu\/"},"modified":"2022-03-11T01:49:14","modified_gmt":"2022-03-10T22:49:14","slug":"elektronik-ticari-ileti-onay-formu","status":"publish","type":"page","link":"https:\/\/perapalace.com\/en\/elektronik-ticari-ileti-onay-formu\/","title":{"rendered":"ELECTRONIC COMMUNICATION APPROVAL FORM"},"content":{"rendered":"<h2><strong>Ticari Elektronik \u0130leti \u0130zni Ayd\u0131nlatma ve Onay Metni<\/strong><\/h2>\n<p>6698 say\u0131l\u0131 ki\u015fisel verilerin korunmas\u0131 kanunu, elektronik ticaretin d\u00fczenlenmesi hakk\u0131nda kanun, ticari ileti\u015fim ve ticari elektronik iletiler hakk\u0131nda y\u00f6netmelik ve sair mevzuatlar kapsam\u0131nda\u00a0 Ma\u00e7ka Konaklama ve Otel Hizmetleri A.\u015e. (\u201cPera Palace Hotel\u201d) olarak siz de\u011ferli m\u00fc\u015fterilerimizi ticari elektronik iletiler hakk\u0131nda bilgilendirmek ve\u00a0 ticari elektronik ileti onay\u0131n\u0131z\u0131 alarak size daha iyi bir hizmet sunmak istemekteyiz.<\/p>\n<p>&nbsp;<\/p>\n<h2><strong>Bilgilendirme Metni<\/strong><\/h2>\n<p>Ticari elektronik ileti; telefon, \u00e7a\u011fr\u0131 merkezleri, faks, otomatik arama makineleri, ak\u0131ll\u0131 ses kaydedici sistemler, elektronik posta, k\u0131sa mesaj hizmeti gibi vas\u0131talar kullan\u0131larak elektronik ortamda ger\u00e7ekle\u015ftirilen ve ticari ama\u00e7larla g\u00f6nderilen veri, ses ve g\u00f6r\u00fcnt\u00fc i\u00e7erikli iletileri, ifade etmektedir.\u00a0 Ticari elektronik iletiler, al\u0131c\u0131lara ancak \u00f6nceden onaylar\u0131 al\u0131nmak kayd\u0131yla g\u00f6nderilebilir. Bu onay, yaz\u0131l\u0131 olarak veya her t\u00fcrl\u00fc elektronik ileti\u015fim ara\u00e7lar\u0131yla al\u0131nabilir. Al\u0131c\u0131lar diledikleri zaman, hi\u00e7bir gerek\u00e7e belirtmeksizin ticari elektronik iletileri almay\u0131 reddedebilir. Bu kapsamda ticari elektronik ileti g\u00f6nderimine dair onay verseniz dahi diledi\u011finiz zaman, hi\u00e7bir gerek\u00e7e belirtmeksizin ticari elektronik iletileri almay\u0131 g\u00f6nderide yer alan linke girerek her zaman reddedebilirsiniz.<\/p>\n<p>&nbsp;<\/p>\n<h2><strong>Onay Metni<\/strong><\/h2>\n<p>Bu formun onaylanmas\u0131 ile 6698 say\u0131l\u0131 Ki\u015fisel Verilerin Korunmas\u0131 Kanunu ve 6563 say\u0131l\u0131 Elektronik Ticaretin D\u00fczenlenmesi Hakk\u0131nda Kanun ve 15 Temmuz 2015 tarihli 29417 say\u0131l\u0131 Resmi Gazete \u2019de yay\u0131nlanan Ticari \u0130leti\u015fim ve Ticari Elektronik \u0130letiler Hakk\u0131nda Y\u00f6netmelik kapsam\u0131nda gerekli bilgilendirmenin taraf\u0131ma yap\u0131ld\u0131\u011f\u0131n\u0131, i\u015fbu bilgilendirme formunu okuyup anlad\u0131\u011f\u0131m\u0131 ve bu \u015fekilde al\u0131nan a\u015fa\u011f\u0131daki beyan\u0131n\u0131m ge\u00e7erli oldu\u011funu kabul ediyorum. Ma\u00e7ka Konaklama ve Otel Hizmetleri A.\u015e. (\u201cPera Palace Hotel\u201d)\u2019in internet site kay\u0131tlar\u0131, \u00fcyelik kay\u0131tlar\u0131, dijital pazarlama ve \u00e7a\u011fr\u0131 merkezi, sosyal medya, organizat\u00f6rler, tedarik\u00e7iler, i\u015f ortaklar\u0131 ve bunlarla s\u0131n\u0131rl\u0131 olmamak \u00fczere her t\u00fcrl\u00fc kanallar arac\u0131l\u0131\u011f\u0131yla, s\u00f6zl\u00fc, yaz\u0131l\u0131 veya elektronik ortam arac\u0131l\u0131\u011f\u0131 ile; ki\u015fisel ve\/veya \u00f6zel nitelikli ki\u015fisel verilerimin; tamamen veya k\u0131smen elde edilmesi, kaydedilmesi, depolanmas\u0131, de\u011fi\u015ftirilmesi, g\u00fcncellenmesi, periyodik olarak kontrol edilmesi, yeniden d\u00fczenlenmesi, s\u0131n\u0131fland\u0131r\u0131lmas\u0131, i\u015flendikleri ama\u00e7 i\u00e7in gerekli olan ya da ilgili kanunda \u00f6ng\u00f6r\u00fclen s\u00fcre kadar muhafaza edilmesi, kanuni ya da hizmete ba\u011fl\u0131 fiili gereklilikler halinde Ma\u00e7ka Konaklama ve Otel Hizmetleri A.\u015e. (\u201cPera Palace Hotel\u201d)\u2019in \u00e7al\u0131\u015fm\u0131\u015f oldu\u011fu \u015firketler ile faaliyetlerin y\u00fcr\u00fctmek \u00fczere hizmet ald\u0131\u011f\u0131, i\u015fbirli\u011fi yapt\u0131\u011f\u0131, program\/hizmet orta\u011f\u0131 kurulu\u015flarla, arac\u0131 hizmet sa\u011flay\u0131c\u0131larla, sosyal medya kurulu\u015flar\u0131, sosyal a\u011f kurulu\u015flar\u0131 (facebook ve di\u011fer), yurti\u00e7i \/ yurtd\u0131\u015f\u0131 kurulu\u015flar\u0131, kanunen y\u00fck\u00fcml\u00fc oldu\u011funuz kamu kurum ve kurulu\u015flar\u0131yla payla\u015f\u0131lmas\u0131na bu suretle i\u015flenmesine, konu hakk\u0131nda teredd\u00fcde yer vermeyecek \u015fekilde bilgi sahibi olarak, ayd\u0131nlat\u0131lm\u0131\u015f a\u00e7\u0131k r\u0131zam ile onay veriyorum.<\/p>\n<p>Ki\u015fisel verilerimin, ihtiya\u00e7lar\u0131m do\u011frultusunda bana uygun \u00fcr\u00fcn, uygulama, avantaj veya kampanyadan yararlanabilmem, genel bilgilendirme yap\u0131lmas\u0131, tan\u0131t\u0131m, reklam, promosyon, sat\u0131\u015f ve pazarlama, kutlama, temenni amac\u0131yla ve taraf\u0131mla her t\u00fcrl\u00fc ileti\u015fim sa\u011flanmas\u0131 amac\u0131yla i\u015flenmesi ve bu do\u011frultuda ileti\u015fim adreslerime Ma\u00e7ka Konaklama ve Otel Hizmetleri A.\u015e. (\u201cPera Palace Hotel\u201d) ad\u0131na bu konuda, gizlilik y\u00fck\u00fcml\u00fcl\u00fc\u011f\u00fc alt\u0131nda hizmet veren 3. Ki\u015filer taraf\u0131ndan \u00e7a\u011fr\u0131, k\u0131sa mesaj (SMS), multimedya nesneleri i\u00e7eren MMS, fax, otomatik arama makineleri, e-posta ve benzeri ileti\u015fim kanallar\u0131ndan iletilecek veri, ses ve g\u00f6r\u00fcnt\u00fc i\u00e7erikli bilgilendirme, tan\u0131t\u0131m ve pazarlama iletilerinin g\u00f6nderilmesine muvafakat ediyorum.<\/p>\n","protected":false},"excerpt":{"rendered":"<p>Ticari Elektronik \u0130leti \u0130zni Ayd\u0131nlatma ve Onay Metni 6698 say\u0131l\u0131 ki\u015fisel verilerin korunmas\u0131 kanunu, elektronik ticaretin d\u00fczenlenmesi hakk\u0131nda kanun, ticari ileti\u015fim ve ticari elektronik iletiler&#8230;<\/p>\n","protected":false},"author":1,"featured_media":0,"parent":0,"menu_order":0,"comment_status":"closed","ping_status":"closed","template":"page-duz.php","meta":{"inline_featured_image":false,"footnotes":""},"class_list":["post-2351","page","type-page","status-publish","hentry"],"yoast_head":"<!-- This site is optimized with the Yoast SEO plugin v27.3 - https:\/\/yoast.com\/product\/yoast-seo-wordpress\/ -->\n<title>ELECTRONIC COMMUNICATION APPROVAL FORM - Pera Palace Hotel<\/title>\n<meta name=\"robots\" content=\"index, follow, max-snippet:-1, max-image-preview:large, max-video-preview:-1\" \/>\n<link rel=\"canonical\" href=\"https:\/\/perapalace.com\/en\/elektronik-ticari-ileti-onay-formu\/\" \/>\n<meta property=\"og:locale\" content=\"en_US\" \/>\n<meta property=\"og:type\" content=\"article\" \/>\n<meta property=\"og:title\" content=\"ELECTRONIC COMMUNICATION APPROVAL FORM - Pera Palace Hotel\" \/>\n<meta property=\"og:description\" content=\"Ticari Elektronik \u0130leti \u0130zni Ayd\u0131nlatma ve Onay Metni 6698 say\u0131l\u0131 ki\u015fisel verilerin korunmas\u0131 kanunu, elektronik ticaretin d\u00fczenlenmesi hakk\u0131nda kanun, ticari ileti\u015fim ve ticari elektronik iletiler...\" \/>\n<meta property=\"og:url\" content=\"https:\/\/perapalace.com\/en\/elektronik-ticari-ileti-onay-formu\/\" \/>\n<meta property=\"og:site_name\" content=\"Pera Palace Hotel\" \/>\n<meta property=\"article:publisher\" content=\"https:\/\/www.facebook.com\/perapalacehotel\" \/>\n<meta property=\"article:modified_time\" content=\"2022-03-10T22:49:14+00:00\" \/>\n<meta name=\"twitter:card\" content=\"summary_large_image\" \/>\n<meta name=\"twitter:label1\" content=\"Est. reading time\" \/>\n\t<meta name=\"twitter:data1\" content=\"3 minutes\" \/>\n<script type=\"application\/ld+json\" class=\"yoast-schema-graph\">{\"@context\":\"https:\\\/\\\/schema.org\",\"@graph\":[{\"@type\":\"WebPage\",\"@id\":\"https:\\\/\\\/perapalace.com\\\/en\\\/elektronik-ticari-ileti-onay-formu\\\/\",\"url\":\"https:\\\/\\\/perapalace.com\\\/en\\\/elektronik-ticari-ileti-onay-formu\\\/\",\"name\":\"ELECTRONIC COMMUNICATION APPROVAL FORM - Pera Palace Hotel\",\"isPartOf\":{\"@id\":\"https:\\\/\\\/perapalace.com\\\/#website\"},\"datePublished\":\"2021-12-18T20:15:18+00:00\",\"dateModified\":\"2022-03-10T22:49:14+00:00\",\"breadcrumb\":{\"@id\":\"https:\\\/\\\/perapalace.com\\\/en\\\/elektronik-ticari-ileti-onay-formu\\\/#breadcrumb\"},\"inLanguage\":\"en-US\",\"potentialAction\":[{\"@type\":\"ReadAction\",\"target\":[\"https:\\\/\\\/perapalace.com\\\/en\\\/elektronik-ticari-ileti-onay-formu\\\/\"]}]},{\"@type\":\"BreadcrumbList\",\"@id\":\"https:\\\/\\\/perapalace.com\\\/en\\\/elektronik-ticari-ileti-onay-formu\\\/#breadcrumb\",\"itemListElement\":[{\"@type\":\"ListItem\",\"position\":1,\"name\":\"Anasayfa\",\"item\":\"https:\\\/\\\/perapalace.com\\\/en\\\/\"},{\"@type\":\"ListItem\",\"position\":2,\"name\":\"ELECTRONIC COMMUNICATION APPROVAL FORM\"}]},{\"@type\":\"WebSite\",\"@id\":\"https:\\\/\\\/perapalace.com\\\/#website\",\"url\":\"https:\\\/\\\/perapalace.com\\\/\",\"name\":\"Pera Palace Hotel\",\"description\":\"\u0130konik ve Tarihi Otel - \u0130stanbul&#039;un Kalbi Pera&#039;da\",\"publisher\":{\"@id\":\"https:\\\/\\\/perapalace.com\\\/#organization\"},\"potentialAction\":[{\"@type\":\"SearchAction\",\"target\":{\"@type\":\"EntryPoint\",\"urlTemplate\":\"https:\\\/\\\/perapalace.com\\\/?s={search_term_string}\"},\"query-input\":{\"@type\":\"PropertyValueSpecification\",\"valueRequired\":true,\"valueName\":\"search_term_string\"}}],\"inLanguage\":\"en-US\"},{\"@type\":\"Organization\",\"@id\":\"https:\\\/\\\/perapalace.com\\\/#organization\",\"name\":\"Pera Palace Hotel\",\"url\":\"https:\\\/\\\/perapalace.com\\\/\",\"logo\":{\"@type\":\"ImageObject\",\"inLanguage\":\"en-US\",\"@id\":\"https:\\\/\\\/perapalace.com\\\/#\\\/schema\\\/logo\\\/image\\\/\",\"url\":\"https:\\\/\\\/perapalace.com\\\/wp-content\\\/uploads\\\/2021\\\/12\\\/main-logo.svg\",\"contentUrl\":\"https:\\\/\\\/perapalace.com\\\/wp-content\\\/uploads\\\/2021\\\/12\\\/main-logo.svg\",\"width\":120,\"height\":97,\"caption\":\"Pera Palace Hotel\"},\"image\":{\"@id\":\"https:\\\/\\\/perapalace.com\\\/#\\\/schema\\\/logo\\\/image\\\/\"},\"sameAs\":[\"https:\\\/\\\/www.facebook.com\\\/perapalacehotel\"]}]}<\/script>\n<!-- \/ Yoast SEO plugin. -->","yoast_head_json":{"title":"ELECTRONIC COMMUNICATION APPROVAL FORM - Pera Palace Hotel","robots":{"index":"index","follow":"follow","max-snippet":"max-snippet:-1","max-image-preview":"max-image-preview:large","max-video-preview":"max-video-preview:-1"},"canonical":"https:\/\/perapalace.com\/en\/elektronik-ticari-ileti-onay-formu\/","og_locale":"en_US","og_type":"article","og_title":"ELECTRONIC COMMUNICATION APPROVAL FORM - Pera Palace Hotel","og_description":"Ticari Elektronik \u0130leti \u0130zni Ayd\u0131nlatma ve Onay Metni 6698 say\u0131l\u0131 ki\u015fisel verilerin korunmas\u0131 kanunu, elektronik ticaretin d\u00fczenlenmesi hakk\u0131nda kanun, ticari ileti\u015fim ve ticari elektronik iletiler...","og_url":"https:\/\/perapalace.com\/en\/elektronik-ticari-ileti-onay-formu\/","og_site_name":"Pera Palace Hotel","article_publisher":"https:\/\/www.facebook.com\/perapalacehotel","article_modified_time":"2022-03-10T22:49:14+00:00","twitter_card":"summary_large_image","twitter_misc":{"Est. reading time":"3 minutes"},"schema":{"@context":"https:\/\/schema.org","@graph":[{"@type":"WebPage","@id":"https:\/\/perapalace.com\/en\/elektronik-ticari-ileti-onay-formu\/","url":"https:\/\/perapalace.com\/en\/elektronik-ticari-ileti-onay-formu\/","name":"ELECTRONIC COMMUNICATION APPROVAL FORM - Pera Palace Hotel","isPartOf":{"@id":"https:\/\/perapalace.com\/#website"},"datePublished":"2021-12-18T20:15:18+00:00","dateModified":"2022-03-10T22:49:14+00:00","breadcrumb":{"@id":"https:\/\/perapalace.com\/en\/elektronik-ticari-ileti-onay-formu\/#breadcrumb"},"inLanguage":"en-US","potentialAction":[{"@type":"ReadAction","target":["https:\/\/perapalace.com\/en\/elektronik-ticari-ileti-onay-formu\/"]}]},{"@type":"BreadcrumbList","@id":"https:\/\/perapalace.com\/en\/elektronik-ticari-ileti-onay-formu\/#breadcrumb","itemListElement":[{"@type":"ListItem","position":1,"name":"Anasayfa","item":"https:\/\/perapalace.com\/en\/"},{"@type":"ListItem","position":2,"name":"ELECTRONIC COMMUNICATION APPROVAL FORM"}]},{"@type":"WebSite","@id":"https:\/\/perapalace.com\/#website","url":"https:\/\/perapalace.com\/","name":"Pera Palace Hotel","description":"\u0130konik ve Tarihi Otel - \u0130stanbul&#039;un Kalbi Pera&#039;da","publisher":{"@id":"https:\/\/perapalace.com\/#organization"},"potentialAction":[{"@type":"SearchAction","target":{"@type":"EntryPoint","urlTemplate":"https:\/\/perapalace.com\/?s={search_term_string}"},"query-input":{"@type":"PropertyValueSpecification","valueRequired":true,"valueName":"search_term_string"}}],"inLanguage":"en-US"},{"@type":"Organization","@id":"https:\/\/perapalace.com\/#organization","name":"Pera Palace Hotel","url":"https:\/\/perapalace.com\/","logo":{"@type":"ImageObject","inLanguage":"en-US","@id":"https:\/\/perapalace.com\/#\/schema\/logo\/image\/","url":"https:\/\/perapalace.com\/wp-content\/uploads\/2021\/12\/main-logo.svg","contentUrl":"https:\/\/perapalace.com\/wp-content\/uploads\/2021\/12\/main-logo.svg","width":120,"height":97,"caption":"Pera Palace Hotel"},"image":{"@id":"https:\/\/perapalace.com\/#\/schema\/logo\/image\/"},"sameAs":["https:\/\/www.facebook.com\/perapalacehotel"]}]}},"_links":{"self":[{"href":"https:\/\/perapalace.com\/en\/wp-json\/wp\/v2\/pages\/2351","targetHints":{"allow":["GET"]}}],"collection":[{"href":"https:\/\/perapalace.com\/en\/wp-json\/wp\/v2\/pages"}],"about":[{"href":"https:\/\/perapalace.com\/en\/wp-json\/wp\/v2\/types\/page"}],"author":[{"embeddable":true,"href":"https:\/\/perapalace.com\/en\/wp-json\/wp\/v2\/users\/1"}],"replies":[{"embeddable":true,"href":"https:\/\/perapalace.com\/en\/wp-json\/wp\/v2\/comments?post=2351"}],"version-history":[{"count":0,"href":"https:\/\/perapalace.com\/en\/wp-json\/wp\/v2\/pages\/2351\/revisions"}],"wp:attachment":[{"href":"https:\/\/perapalace.com\/en\/wp-json\/wp\/v2\/media?parent=2351"}],"curies":[{"name":"wp","href":"https:\/\/api.w.org\/{rel}","templated":true}]}}