{"id":2348,"date":"2021-12-18T23:15:49","date_gmt":"2021-12-18T20:15:49","guid":{"rendered":"http:\/\/perapalace.com\/calisan-adayi-aydinlatma-metni\/"},"modified":"2022-03-11T01:47:17","modified_gmt":"2022-03-10T22:47:17","slug":"job-application-clarification-text-and-concent-form","status":"publish","type":"page","link":"https:\/\/perapalace.com\/en\/job-application-clarification-text-and-concent-form\/","title":{"rendered":"JOB APPLICATION CLARIFICATION TEXT AND CONCENT FORM"},"content":{"rendered":"<h2><strong>K\u0130\u015e\u0130SEL VER\u0130LER\u0130N KORUNMASI HAKKINDA B\u0130LG\u0130LEND\u0130RME VE BEYAN FORMU<\/strong><\/h2>\n<p><strong>I-)Ki\u015fisel Verilerin Korunmas\u0131 Kanunu ve Bu Kanun Kapsam\u0131ndaki Haklar\u0131n\u0131z Hakk\u0131nda Bilgilendirme Formu<\/strong><\/p>\n<ul>\n<li>6698 say\u0131l\u0131 Ki\u015fisel Verilerin Korunmas\u0131 Kanunu (\u201cKVKK\u201d) kapsam\u0131nda, ki\u015finin kimlik, ileti\u015fim, ikametgah, \u00f6zge\u00e7mi\u015f gibi bilgileri ile fiziksel \u00f6zelliklerinden g\u00fcnl\u00fck faaliyetlerine kadar t\u00fcm bilgileri ile \u00e7al\u0131\u015fma hayat\u0131nda \u00fccret, sa\u011fl\u0131k bilgileri, sendika \u00fcyeli\u011fi, performans kay\u0131tlar\u0131, mesleki ge\u00e7mi\u015fi, e\u011fitim, sertifika bilgileri ve i\u015fverenle hizmet ili\u015fkisi kapsam\u0131nda edinilen, ilgili ki\u015fiyi tan\u0131tan her t\u00fcrl\u00fc bilgi ve belge, ki\u015fisel veri \/ \u00f6zel nitelikli ki\u015fisel veri kapsam\u0131ndad\u0131r..<\/li>\n<\/ul>\n<ul>\n<li>\u0130\u015f s\u00f6zle\u015fmesi yap\u0131lmas\u0131 amac\u0131yla i\u015f ba\u015fvurusu s\u0131ras\u0131nda ve\/veya i\u015f s\u00f6zle\u015fmesinin yap\u0131ld\u0131\u011f\u0131 esnada, ilgili ki\u015fi taraf\u0131ndan hem y\u00fcz y\u00fcze, hem de s\u00f6zl\u00fc, yaz\u0131l\u0131 ve\/veya elektronik ortamlarda payla\u015f\u0131lan, gerek taraflar aras\u0131ndaki s\u00f6zle\u015fmenin yap\u0131lmas\u0131 ve yerine getirilmesi i\u00e7in gereken ve ayr\u0131ca kanuni y\u00fck\u00fcml\u00fcl\u00fckler gere\u011fi al\u0131nan t\u00fcm ki\u015fisel bilgiler, aday\u0131n ihtiya\u00e7lar kapsam\u0131nda i\u015fe yerle\u015ftirilebilmesi ve i\u015f s\u00f6zle\u015fmesinin yap\u0131lmas\u0131 ile yerine getirilmesi amac\u0131yla Veri Sorumlusu s\u0131fat\u0131 ile Ma\u00e7ka Konaklama A.\u015e ( Pera Palace Hotel ) taraf\u0131ndan i\u015flenebilecektir.<\/li>\n<\/ul>\n<ul>\n<li>\u0130\u015f g\u00f6r\u00fc\u015fmesi kapsam\u0131nda g\u00f6r\u00fc\u015fme y\u00f6ntemleri Ma\u00e7ka Konaklama A.\u015e ( Pera Palace Hotel ) taraf\u0131ndan belirlenir, g\u00f6r\u00fc\u015fmelerin kapsam\u0131 grup g\u00f6r\u00fc\u015fmesi, panel g\u00f6r\u00fc\u015fme, birebir g\u00f6r\u00fc\u015fme gibi \u00e7e\u015fitlendirilebilir.Ki\u015fisel veriler g\u00f6r\u00fc\u015fmelerde s\u00f6zl\u00fc olarak adaydan al\u0131nabilir ve kaydedilebilir.<\/li>\n<\/ul>\n<ul>\n<li>Ki\u015fisel veri kapsam\u0131ndaki bilgi ve belgelerin usul\u00fcne uygun \u015fekilde i\u015fverene verilmemesi nedeniyle, i\u015fverenin yerine getiremedi\u011fi yasal y\u00fck\u00fcml\u00fcl\u00fckler nedeniyle do\u011fabilecek zararlardan aday sorumludur.<\/li>\n<\/ul>\n<ul>\n<li>\u0130\u015f Kanunu, Sosyal Sigortalar ve Genel Sa\u011fl\u0131k Sigortas\u0131 Kanunu, Sosyal G\u00fcvenlik Kurumu Kanunu, Sosyal Sigortalar \u0130\u015flemleri Y\u00f6netmeli\u011fi, \u0130\u015f Sa\u011fl\u0131\u011f\u0131 ve G\u00fcvenli\u011fi Kanunu, \u0130\u015f Sa\u011fl\u0131\u011f\u0131 ve G\u00fcvenli\u011fi Hizmeti Y\u00f6netmeli\u011fi, Gelir Vergisi Kanunu, Ki\u015fisel Verilerin Korunmas\u0131 Kanunu, Ki\u015fisel Sa\u011fl\u0131k Verilerinin \u0130\u015flenmesi ve Mahremiyetinin Sa\u011flanmas\u0131 Hakk\u0131nda Y\u00f6netmelik gibi yasal d\u00fczenlemelerde yer alan i\u015fveren y\u00fck\u00fcml\u00fcl\u00fckleri ve bilgilerin yasal s\u00fcreler dahilinde saklanmas\u0131na ili\u015fkin d\u00fczenlemeler ile Sosyal Sigortalar Kurumu, Gelir \u0130daresi Ba\u015fkanl\u0131\u011f\u0131, Ki\u015fisel Verileri Koruma Kurumu gibi yasal otoritelerce \u00f6ng\u00f6r\u00fclen bilgi saklama, raporlama, bilgilendirme y\u00fck\u00fcml\u00fcl\u00fcklerini yerine getirilmesi amac\u0131 ile ki\u015fisel veriler, \u00f6zel nitelikli ki\u015fisel veriler, sa\u011fl\u0131k verileri Veri Sorumlusu olarak sistemlerimize kaydedilmekte, depolanmakta, korunmakta, s\u0131n\u0131fland\u0131r\u0131lmakta, g\u00fcncellenmekte ve yasal s\u0131n\u0131rlar dahilinde resmi makamlar ve 3. ki\u015filer ile payla\u015f\u0131labilmekte veya \u201cKi\u015fisel Verilerin Korunmas\u0131 Kanunu\u201dnda say\u0131lan \u015fekillerde i\u015flenebilmektedir.<\/li>\n<\/ul>\n<ul>\n<li>Ayr\u0131ca yukar\u0131da belirtilen mevzuatlar kapsam\u0131nda i\u015fveren y\u00fck\u00fcml\u00fckleri g\u00f6z \u00f6n\u00fcnde bulundurularak, temin edilen \u00f6zel nitelikli olanlar da dahil olmak \u00fczere ki\u015fisel sa\u011fl\u0131k verileri, Ki\u015fisel Sa\u011fl\u0131k Verilerinin \u0130\u015flenmesi ve Mahremiyetinin Sa\u011flanmas\u0131 Hakk\u0131nda Y\u00f6netmelik (\u201cY\u00f6netmelik\u201d) \u00e7er\u00e7evesinde, belirlenen \u015fekillerde i\u015flenmektedir.<\/li>\n<\/ul>\n<ul>\n<li>\u201cKi\u015fisel Verilerin Korunmas\u0131 Kanunu\u201d ve \u201cKi\u015fisel Sa\u011fl\u0131k Verilerinin \u0130\u015flenmesi ve Mahremiyetinin Sa\u011flanmas\u0131 Hakk\u0131nda Y\u00f6netmelik\u201d gere\u011fince, ki\u015fisel veriler, \u00f6zel nitelikli ki\u015fisel veriler ve ki\u015fisel sa\u011fl\u0131k verilerinizin; i\u015flenip i\u015flenmedi\u011fini sorma, i\u015flenmi\u015fse bilgi talep etme, i\u015flenme amac\u0131n\u0131 ve amac\u0131na uygun kullan\u0131l\u0131p kullan\u0131lmad\u0131\u011f\u0131n\u0131 \u00f6\u011frenme, yurt i\u00e7inde veya d\u0131\u015f\u0131nda aktar\u0131ld\u0131\u011f\u0131 3. ki\u015fileri \u00f6\u011frenme, ki\u015fisel verilerin eksik \/ yanl\u0131\u015f i\u015flenmi\u015fse d\u00fczeltilmesini isteme, bu d\u00fczeltme i\u015fleminin bilginin aktar\u0131ld\u0131\u011f\u0131 \u00fc\u00e7\u00fcnc\u00fc ki\u015filere bildirilmesini isteme, yasal s\u0131n\u0131rlar hari\u00e7 olmak \u00fczere \u201cKi\u015fisel Verilerin Korunmas\u0131 Kanunu\u201dnun 7. maddesinde \u00f6ng\u00f6r\u00fclen \u015fartlar \u00e7er\u00e7evesinde silinmesini\/yok edilmesini isteme, aktar\u0131ld\u0131\u011f\u0131 3. ki\u015filere silinme\/yok edilme talebinizin bildirilmesini isteme, m\u00fcnhas\u0131ran otomatik sistemler ile analiz edilmesi nedeniyle aleyhinize bir sonucun ortaya \u00e7\u0131kmas\u0131na itiraz etme, kanuna ayk\u0131r\u0131 olarak i\u015flenmesi sebebiyle zarara u\u011framan\u0131z h\u00e2linde zarar\u0131n giderilmesini talep etme haklar\u0131na sahip bulunmaktas\u0131n\u0131z.<\/li>\n<\/ul>\n<p><strong>II)Veri Sahibinin A\u00e7\u0131k R\u0131za Beyan Formu<\/strong><\/p>\n<ul>\n<li>\u201cKi\u015fisel Verilerin Korunmas\u0131 Kanunu\u201d ve \u201cKi\u015fisel Sa\u011fl\u0131k Verilerinin \u0130\u015flenmesi ve Mahremiyetinin Sa\u011flanmas\u0131 Hakk\u0131nda Y\u00f6netmelik\u201d gere\u011fince, ki\u015fisel verilerimin, \u00f6zel nitelikli ki\u015fisel verilerimin, sa\u011fl\u0131k verilerimin Ma\u00e7ka Konaklama A.\u015e ( Pera Palace Hotel ) taraf\u0131ndan i\u015flenmesine ili\u015fkin yukar\u0131daki bilgilendirme metnini ald\u0131m. Ma\u00e7ka Konaklama A.\u015e (Pera Palace Hotel) taraf\u0131mca s\u00f6zl\u00fc\/yaz\u0131l\u0131 ve\/veya elektronik ortamda verilen kimli\u011fimi belirleyen veya belirlemeye yarayanlar da dahil olmak \u00fczere her t\u00fcrl\u00fc ki\u015fisel verimin, \u00f6zel nitelikli ki\u015fisel verimin, ki\u015fisel sa\u011fl\u0131k verilerimin Ma\u00e7ka Konaklama A.\u015e \u00a0\u00a0\u00a0\u00a0\u00a0\u00a0\u00a0\u00a0(Pera Palace Hotel ) taraf\u0131ndan i\u015flenmesine, i\u015f s\u00f6zle\u015fmesi yap\u0131lmas\u0131 amac\u0131yla aday se\u00e7imi, i\u015f s\u00f6zle\u015fmesinin imzalanmas\u0131 ve i\u015f s\u00f6zle\u015fmesi gere\u011fi ile bu hizmetlerin planlanmas\u0131 amac\u0131yla, gerekse de yukar\u0131da belirtilen mevzuatlar kapsam\u0131nda payla\u015f\u0131m\u0131n gerekli oldu\u011fu di\u011fer ki\u015fi ve kurulu\u015flar, istihbarat amac\u0131yla \u00f6nceki i\u015fverenler, Ma\u00e7ka Konaklama A.\u015e ( Pera Palace Hotel ) i\u015f s\u00f6zle\u015fmesinin yap\u0131lmas\u0131 ve yerine getirilebilmesi i\u00e7in ald\u0131\u011f\u0131 hizmetler \u00e7er\u00e7evesinde s\u00f6zle\u015fme imzalad\u0131\u011f\u0131 ki\u015filer ve onlar\u0131n i\u015fbirli\u011fi i\u00e7inde oldu\u011fu \u00fc\u00e7\u00fcnc\u00fc ki\u015filerle payla\u015f\u0131lmas\u0131na, ki\u015fisel veriler, \u00f6zel nitelikli ki\u015fisel veriler, sa\u011fl\u0131k verilerimin \u201cKi\u015fisel Verilerin Korunmas\u0131 Kanunu\u201dnda ve \u201cKi\u015fisel Sa\u011fl\u0131k Verilerinin \u0130\u015flenmesi ve Mahremiyetinin Sa\u011flanmas\u0131 Hakk\u0131nda Y\u00f6netmelik\u201dte tan\u0131mlanan kapsamda i\u015flenmesine muvafakat etti\u011fimi kabul, beyan ve taahh\u00fct ederim.<\/li>\n<\/ul>\n<p>\u0130sim-Soyisim\u00a0\u00a0 :<\/p>\n<p>Tarih\u00a0 \u00a0 \u00a0 \u00a0 \u00a0 \u00a0 \u00a0 \u00a0 \u00a0:<\/p>\n<p>\u0130mza\u00a0 \u00a0 \u00a0 \u00a0 \u00a0 \u00a0 \u00a0 \u00a0 \u00a0:<\/p>\n","protected":false},"excerpt":{"rendered":"<p>K\u0130\u015e\u0130SEL VER\u0130LER\u0130N KORUNMASI HAKKINDA B\u0130LG\u0130LEND\u0130RME VE BEYAN FORMU I-)Ki\u015fisel Verilerin Korunmas\u0131 Kanunu ve Bu Kanun Kapsam\u0131ndaki Haklar\u0131n\u0131z Hakk\u0131nda Bilgilendirme Formu 6698 say\u0131l\u0131 Ki\u015fisel Verilerin Korunmas\u0131&#8230;<\/p>\n","protected":false},"author":1,"featured_media":0,"parent":0,"menu_order":0,"comment_status":"closed","ping_status":"closed","template":"page-duz.php","meta":{"inline_featured_image":false,"footnotes":""},"class_list":["post-2348","page","type-page","status-publish","hentry"],"yoast_head":"<!-- This site is optimized with the Yoast SEO plugin v27.3 - https:\/\/yoast.com\/product\/yoast-seo-wordpress\/ -->\n<title>JOB APPLICATION CLARIFICATION TEXT AND CONCENT FORM - Pera Palace Hotel<\/title>\n<meta name=\"robots\" content=\"index, follow, max-snippet:-1, max-image-preview:large, max-video-preview:-1\" \/>\n<link rel=\"canonical\" href=\"https:\/\/perapalace.com\/en\/job-application-clarification-text-and-concent-form\/\" \/>\n<meta property=\"og:locale\" content=\"en_US\" \/>\n<meta property=\"og:type\" content=\"article\" \/>\n<meta property=\"og:title\" content=\"JOB APPLICATION CLARIFICATION TEXT AND CONCENT FORM - Pera Palace Hotel\" \/>\n<meta property=\"og:description\" content=\"K\u0130\u015e\u0130SEL VER\u0130LER\u0130N KORUNMASI HAKKINDA B\u0130LG\u0130LEND\u0130RME VE BEYAN FORMU I-)Ki\u015fisel Verilerin Korunmas\u0131 Kanunu ve Bu Kanun Kapsam\u0131ndaki Haklar\u0131n\u0131z Hakk\u0131nda Bilgilendirme Formu 6698 say\u0131l\u0131 Ki\u015fisel Verilerin Korunmas\u0131...\" \/>\n<meta property=\"og:url\" content=\"https:\/\/perapalace.com\/en\/job-application-clarification-text-and-concent-form\/\" \/>\n<meta property=\"og:site_name\" content=\"Pera Palace Hotel\" \/>\n<meta property=\"article:publisher\" content=\"https:\/\/www.facebook.com\/perapalacehotel\" \/>\n<meta property=\"article:modified_time\" content=\"2022-03-10T22:47:17+00:00\" \/>\n<meta name=\"twitter:card\" content=\"summary_large_image\" \/>\n<meta name=\"twitter:label1\" content=\"Est. reading time\" \/>\n\t<meta name=\"twitter:data1\" content=\"5 minutes\" \/>\n<script type=\"application\/ld+json\" class=\"yoast-schema-graph\">{\"@context\":\"https:\\\/\\\/schema.org\",\"@graph\":[{\"@type\":\"WebPage\",\"@id\":\"https:\\\/\\\/perapalace.com\\\/en\\\/job-application-clarification-text-and-concent-form\\\/\",\"url\":\"https:\\\/\\\/perapalace.com\\\/en\\\/job-application-clarification-text-and-concent-form\\\/\",\"name\":\"JOB APPLICATION CLARIFICATION TEXT AND CONCENT FORM - Pera Palace Hotel\",\"isPartOf\":{\"@id\":\"https:\\\/\\\/perapalace.com\\\/#website\"},\"datePublished\":\"2021-12-18T20:15:49+00:00\",\"dateModified\":\"2022-03-10T22:47:17+00:00\",\"breadcrumb\":{\"@id\":\"https:\\\/\\\/perapalace.com\\\/en\\\/job-application-clarification-text-and-concent-form\\\/#breadcrumb\"},\"inLanguage\":\"en-US\",\"potentialAction\":[{\"@type\":\"ReadAction\",\"target\":[\"https:\\\/\\\/perapalace.com\\\/en\\\/job-application-clarification-text-and-concent-form\\\/\"]}]},{\"@type\":\"BreadcrumbList\",\"@id\":\"https:\\\/\\\/perapalace.com\\\/en\\\/job-application-clarification-text-and-concent-form\\\/#breadcrumb\",\"itemListElement\":[{\"@type\":\"ListItem\",\"position\":1,\"name\":\"Anasayfa\",\"item\":\"https:\\\/\\\/perapalace.com\\\/en\\\/\"},{\"@type\":\"ListItem\",\"position\":2,\"name\":\"JOB APPLICATION CLARIFICATION TEXT AND CONCENT FORM\"}]},{\"@type\":\"WebSite\",\"@id\":\"https:\\\/\\\/perapalace.com\\\/#website\",\"url\":\"https:\\\/\\\/perapalace.com\\\/\",\"name\":\"Pera Palace Hotel\",\"description\":\"\u0130konik ve Tarihi Otel - \u0130stanbul&#039;un Kalbi Pera&#039;da\",\"publisher\":{\"@id\":\"https:\\\/\\\/perapalace.com\\\/#organization\"},\"potentialAction\":[{\"@type\":\"SearchAction\",\"target\":{\"@type\":\"EntryPoint\",\"urlTemplate\":\"https:\\\/\\\/perapalace.com\\\/?s={search_term_string}\"},\"query-input\":{\"@type\":\"PropertyValueSpecification\",\"valueRequired\":true,\"valueName\":\"search_term_string\"}}],\"inLanguage\":\"en-US\"},{\"@type\":\"Organization\",\"@id\":\"https:\\\/\\\/perapalace.com\\\/#organization\",\"name\":\"Pera Palace Hotel\",\"url\":\"https:\\\/\\\/perapalace.com\\\/\",\"logo\":{\"@type\":\"ImageObject\",\"inLanguage\":\"en-US\",\"@id\":\"https:\\\/\\\/perapalace.com\\\/#\\\/schema\\\/logo\\\/image\\\/\",\"url\":\"https:\\\/\\\/perapalace.com\\\/wp-content\\\/uploads\\\/2021\\\/12\\\/main-logo.svg\",\"contentUrl\":\"https:\\\/\\\/perapalace.com\\\/wp-content\\\/uploads\\\/2021\\\/12\\\/main-logo.svg\",\"width\":120,\"height\":97,\"caption\":\"Pera Palace Hotel\"},\"image\":{\"@id\":\"https:\\\/\\\/perapalace.com\\\/#\\\/schema\\\/logo\\\/image\\\/\"},\"sameAs\":[\"https:\\\/\\\/www.facebook.com\\\/perapalacehotel\"]}]}<\/script>\n<!-- \/ Yoast SEO plugin. -->","yoast_head_json":{"title":"JOB APPLICATION CLARIFICATION TEXT AND CONCENT FORM - Pera Palace Hotel","robots":{"index":"index","follow":"follow","max-snippet":"max-snippet:-1","max-image-preview":"max-image-preview:large","max-video-preview":"max-video-preview:-1"},"canonical":"https:\/\/perapalace.com\/en\/job-application-clarification-text-and-concent-form\/","og_locale":"en_US","og_type":"article","og_title":"JOB APPLICATION CLARIFICATION TEXT AND CONCENT FORM - Pera Palace Hotel","og_description":"K\u0130\u015e\u0130SEL VER\u0130LER\u0130N KORUNMASI HAKKINDA B\u0130LG\u0130LEND\u0130RME VE BEYAN FORMU I-)Ki\u015fisel Verilerin Korunmas\u0131 Kanunu ve Bu Kanun Kapsam\u0131ndaki Haklar\u0131n\u0131z Hakk\u0131nda Bilgilendirme Formu 6698 say\u0131l\u0131 Ki\u015fisel Verilerin Korunmas\u0131...","og_url":"https:\/\/perapalace.com\/en\/job-application-clarification-text-and-concent-form\/","og_site_name":"Pera Palace Hotel","article_publisher":"https:\/\/www.facebook.com\/perapalacehotel","article_modified_time":"2022-03-10T22:47:17+00:00","twitter_card":"summary_large_image","twitter_misc":{"Est. reading time":"5 minutes"},"schema":{"@context":"https:\/\/schema.org","@graph":[{"@type":"WebPage","@id":"https:\/\/perapalace.com\/en\/job-application-clarification-text-and-concent-form\/","url":"https:\/\/perapalace.com\/en\/job-application-clarification-text-and-concent-form\/","name":"JOB APPLICATION CLARIFICATION TEXT AND CONCENT FORM - Pera Palace Hotel","isPartOf":{"@id":"https:\/\/perapalace.com\/#website"},"datePublished":"2021-12-18T20:15:49+00:00","dateModified":"2022-03-10T22:47:17+00:00","breadcrumb":{"@id":"https:\/\/perapalace.com\/en\/job-application-clarification-text-and-concent-form\/#breadcrumb"},"inLanguage":"en-US","potentialAction":[{"@type":"ReadAction","target":["https:\/\/perapalace.com\/en\/job-application-clarification-text-and-concent-form\/"]}]},{"@type":"BreadcrumbList","@id":"https:\/\/perapalace.com\/en\/job-application-clarification-text-and-concent-form\/#breadcrumb","itemListElement":[{"@type":"ListItem","position":1,"name":"Anasayfa","item":"https:\/\/perapalace.com\/en\/"},{"@type":"ListItem","position":2,"name":"JOB APPLICATION CLARIFICATION TEXT AND CONCENT FORM"}]},{"@type":"WebSite","@id":"https:\/\/perapalace.com\/#website","url":"https:\/\/perapalace.com\/","name":"Pera Palace Hotel","description":"\u0130konik ve Tarihi Otel - \u0130stanbul&#039;un Kalbi Pera&#039;da","publisher":{"@id":"https:\/\/perapalace.com\/#organization"},"potentialAction":[{"@type":"SearchAction","target":{"@type":"EntryPoint","urlTemplate":"https:\/\/perapalace.com\/?s={search_term_string}"},"query-input":{"@type":"PropertyValueSpecification","valueRequired":true,"valueName":"search_term_string"}}],"inLanguage":"en-US"},{"@type":"Organization","@id":"https:\/\/perapalace.com\/#organization","name":"Pera Palace Hotel","url":"https:\/\/perapalace.com\/","logo":{"@type":"ImageObject","inLanguage":"en-US","@id":"https:\/\/perapalace.com\/#\/schema\/logo\/image\/","url":"https:\/\/perapalace.com\/wp-content\/uploads\/2021\/12\/main-logo.svg","contentUrl":"https:\/\/perapalace.com\/wp-content\/uploads\/2021\/12\/main-logo.svg","width":120,"height":97,"caption":"Pera Palace Hotel"},"image":{"@id":"https:\/\/perapalace.com\/#\/schema\/logo\/image\/"},"sameAs":["https:\/\/www.facebook.com\/perapalacehotel"]}]}},"_links":{"self":[{"href":"https:\/\/perapalace.com\/en\/wp-json\/wp\/v2\/pages\/2348","targetHints":{"allow":["GET"]}}],"collection":[{"href":"https:\/\/perapalace.com\/en\/wp-json\/wp\/v2\/pages"}],"about":[{"href":"https:\/\/perapalace.com\/en\/wp-json\/wp\/v2\/types\/page"}],"author":[{"embeddable":true,"href":"https:\/\/perapalace.com\/en\/wp-json\/wp\/v2\/users\/1"}],"replies":[{"embeddable":true,"href":"https:\/\/perapalace.com\/en\/wp-json\/wp\/v2\/comments?post=2348"}],"version-history":[{"count":0,"href":"https:\/\/perapalace.com\/en\/wp-json\/wp\/v2\/pages\/2348\/revisions"}],"wp:attachment":[{"href":"https:\/\/perapalace.com\/en\/wp-json\/wp\/v2\/media?parent=2348"}],"curies":[{"name":"wp","href":"https:\/\/api.w.org\/{rel}","templated":true}]}}